{"id":1069,"date":"2024-05-10T19:25:11","date_gmt":"2024-05-11T01:25:11","guid":{"rendered":"http:\/\/132.247.107.4\/wordpress\/?page_id=1069"},"modified":"2026-02-24T00:18:37","modified_gmt":"2026-02-24T06:18:37","slug":"consejo-tecnico","status":"publish","type":"page","link":"https:\/\/www.enac.unam.mx\/wordpress\/consejo-tecnico\/","title":{"rendered":"Consejo T\u00e9cnico"},"content":{"rendered":"\n<div class=\"wp-block-uagb-container uagb-block-09560b63 alignfull uagb-is-root-container\"><div class=\"uagb-container-inner-blocks-wrap\">\n<div class=\"wp-block-uagb-advanced-heading uagb-block-3e76d9bf\"><h2 class=\"uagb-heading-text\">Consejo T\u00e9cnico<\/h2><\/div>\n<\/div><\/div>\n\n\n\n<p><\/p>\n\n\n\n<div class=\"wp-block-uagb-container uagb-block-2879db5d alignfull uagb-is-root-container\"><div class=\"uagb-container-inner-blocks-wrap\">\n<div class=\"wp-block-uagb-container uagb-block-d6e8f1f6\">\n<div class=\"wp-block-uagb-container uagb-block-a638e34f alignfull uagb-is-root-container\"><div class=\"uagb-container-inner-blocks-wrap\">\n<div class=\"wp-block-uagb-advanced-heading uagb-block-fa48c2e5\"><h2 class=\"uagb-heading-text\"><strong>Directorio <\/strong><br><strong>H. Consejo T\u00e9cnico<\/strong><\/h2><\/div>\n\n\n\n<div class=\"wp-block-columns is-layout-flex wp-container-core-columns-is-layout-28f84493 wp-block-columns-is-layout-flex\">\n<div class=\"wp-block-column is-layout-flow wp-block-column-is-layout-flow\">\n<div class=\"wp-block-jetpack-contact-info\">\n<div class=\"wp-block-jetpack-email\">\u2709 <a href=\"mailto:ct.enac@enac.unam.mx\">ct.enac@enac.unam.mx<\/a>\n<\/div>\n<\/div>\n\n\n\n<p style=\"font-size:18px\"><strong>INTEGRANTES <\/strong><\/p>\n\n\n\n<p class=\"has-ast-global-color-4-background-color has-background\"><strong>Presidenta<\/strong><br>Lic. Mar\u00eda de los \u00c1ngeles Guadalupe Castro Gurr\u00eda<br><br><strong>Secretario<\/strong><br>Cineasta Santiago Torres P\u00e9rez<\/p>\n\n\n\n<p>Direcci\u00f3n de arte<br>Propietaria: <strong>Martha Daniela Cruz Rodr\u00edguez<\/strong><\/p>\n\n\n\n<p>Direcci\u00f3n de fotograf\u00eda<br>Propietaria: <strong>Mercedes Porter Hope<\/strong><br>Suplente: <strong>Mar\u00eda Jos\u00e9 Secco Terra<\/strong><\/p>\n\n\n\n<p>Dise\u00f1o de sonido<br>Propietario: <strong>Enrique Ojeda C\u00e1stol<\/strong><br>Suplente: <strong>Pablo Fern\u00e1ndez Murgu\u00eda<\/strong><\/p>\n\n\n\n<p>Guion<br>Propietaria: <strong>Sof\u00eda Alejandra S\u00e1nchez Orozco<\/strong><br>Suplente: <strong>Reyes N\u00fa\u00f1ez Bercini<\/strong><\/p>\n\n\n\n<p>Montaje y Realizaci\u00f3n de cine de animaci\u00f3n<br>Propietario: <strong>V\u00edctor Manuel Vel\u00e1zquez D\u00e1valos<\/strong><br>Suplente: <strong>Christian Esteban Rivera \u00c1guila <\/strong><\/p>\n\n\n\n<p>Producci\u00f3n<br>Propietario: <strong>Carlos Taibo Mahojo<\/strong><br>Suplente: <strong>Armando Casas P\u00e9rez<\/strong><\/p>\n\n\n\n<p>Realizaci\u00f3n de cine de ficci\u00f3n<br>Propietario: <strong>Miguel \u00c1ngel Rivera Gonz\u00e1lez<\/strong><br>Suplente: <strong>Carlos<\/strong> <strong>Hugo Enrique G\u00f3mez Oliver<\/strong><\/p>\n\n\n\n<p>T\u00e9cnicos acad\u00e9micos<br>Propietario: <strong>Benjam\u00edn Romero Salinas<\/strong><br>Suplente: <strong>Yasahir<\/strong> <strong>Cort\u00e9s Billi\u00f3n<\/strong><\/p>\n\n\n\n<p>Alumnado<br>Propietaria: <strong>Frida Paola Gonz\u00e1lez Mart\u00ednez<\/strong><br>Suplente: <strong>Alejandro S\u00e1nchez Guill\u00e9n<\/strong><br>Propietario: <strong>Fabi\u00e1n Andr\u00e9s Arriola Pacheco<\/strong><br>Suplente: <strong>Claudia Cecilia Morales Hern\u00e1ndez<\/strong><\/p>\n<\/div>\n<\/div>\n<\/div><\/div>\n<\/div>\n\n\n\n<div class=\"wp-block-uagb-container uagb-block-0c311075\">\n<div class=\"wp-block-uagb-advanced-heading uagb-block-b68aeda7\"><h2 class=\"uagb-heading-text\"><strong>Reglamento y Acuerdos<\/strong><\/h2><\/div>\n\n\n\n<p class=\"has-ast-global-color-4-background-color has-background\" style=\"border-top-left-radius:15px;border-top-right-radius:15px;border-bottom-left-radius:15px;border-bottom-right-radius:15px\"><a href=\"https:\/\/www.enac.unam.mx\/wordpress\/wp-content\/uploads\/2026\/02\/Reglamento-Interno-del-CT-ENAC-161024-1.pdf\">Reglamento Interno del H. Consejo T\u00e9cnico ENAC 2023-2027<\/a><\/p>\n\n\n\n<ul class=\"wp-block-list\">\n<li><a href=\"https:\/\/www.enac.unam.mx\/wordpress\/wp-content\/uploads\/2026\/01\/FEU_Acta-Se%CC%81ptima-Sesio%CC%81n-Ordinaria.pdf\">S\u00e9ptima sesi\u00f3n ordinaria 2 de diciembre de 2025<\/a><\/li>\n\n\n\n<li><a href=\"https:\/\/www.enac.unam.mx\/wordpress\/wp-content\/uploads\/2026\/01\/FEU_Acta-Consejo-Sexta-Sesio\u0301n-Ordinaria.-1.pdf\">Sexta sesi\u00f3n ordinaria 22 deoctubre de 2025<\/a><\/li>\n\n\n\n<li><a href=\"https:\/\/www.enac.unam.mx\/wordpress\/wp-content\/uploads\/2026\/01\/FEU_Acta-Consejo-Quinta-Sesio%CC%81n-Extraordinaria-28-de-noviembre-de-2025.pdf\">Quinta sesi\u00f3n extraordinaria 28 de noviembre de 2025<\/a><\/li>\n\n\n\n<li><a href=\"https:\/\/www.enac.unam.mx\/wordpress\/wp-content\/uploads\/2026\/01\/FEU_Acta-Consejo-Quinta-Sesio\u0301n-Ordinaria-2.pdf\">Quinta sesio\u0301n ordinaria 20 de agosto de 2025<\/a><\/li>\n\n\n\n<li><a href=\"https:\/\/www.enac.unam.mx\/wordpress\/wp-content\/uploads\/2026\/01\/FEU_Acta-Consejo-Cuarta-Sesio\u0301n-Extraordinaria-14-de-noviembre.pdf\">Cuarta sesio\u0301n extraordinaria 14 de noviembre de 2025<\/a><\/li>\n\n\n\n<li><a href=\"https:\/\/www.enac.unam.mx\/wordpress\/wp-content\/uploads\/2025\/11\/FEU_Cuarta-Sesio\u0301n-Ordinaria-CT-Julio-2025.pdf\">Cuarta sesi\u00f3n ordinaria 2 de julio de 2025<\/a><\/li>\n\n\n\n<li><a href=\"https:\/\/www.enac.unam.mx\/wordpress\/wp-content\/uploads\/2025\/11\/FEU_250612_SE_02_Segunda-Sesio\u0301n-Extraordinaria-120625.pdf\">Segunda sesi\u00f3n extraordinaria 12 de junio de 2025<\/a><\/li>\n\n\n\n<li><a href=\"https:\/\/www.enac.unam.mx\/wordpress\/wp-content\/uploads\/2025\/11\/FEU_250521_S0_03_Tercera-Sesio%CC%81n-Ordinaria-210525.pdf\">Tercera sesi\u00f3n ordinaria 21 de mayo de 2025<\/a><\/li>\n\n\n\n<li><a href=\"https:\/\/www.enac.unam.mx\/wordpress\/wp-content\/uploads\/2025\/11\/FEU_Primera-Sesio\u0301n-Extraordinaria-CT-Mayo-2025.pdf\">Primera sesi\u00f3n extraordinaria  29 de mayo de 2025<\/a><\/li>\n\n\n\n<li><a href=\"https:\/\/www.enac.unam.mx\/wordpress\/wp-content\/uploads\/2025\/08\/FEU_250122_CT_Acta_Primer_Sesion_Ordinaria_2025.pdf\">Primer sesi\u00f3n ordinaria 01-2025 22 de enero de 2025<\/a><\/li>\n\n\n\n<li><a href=\"https:\/\/www.enac.unam.mx\/wordpress\/wp-content\/uploads\/2025\/08\/FEU_241210-Acta-Sexta-Sesion-Ordinaria-CT-2024-con-reglamento-anexo.pdf\">Sexta sesi\u00f3n ordinaria 12-2024 10 de diciembre de 2024<\/a><\/li>\n\n\n\n<li><a href=\"https:\/\/www.enac.unam.mx\/wordpress\/wp-content\/uploads\/2025\/08\/FEU_241105-SE_016-De\u0301cimosexta-sesio\u0301n-extraordinaria.pdf\">Decimosexta sesi\u00f3n extraordinaria 11-2024 05 de noviembre de 2024<\/a><\/li>\n\n\n\n<li><a href=\"https:\/\/www.enac.unam.mx\/wordpress\/wp-content\/uploads\/2025\/08\/FEU_241016-S0_05-Quinta-sesio\u0301n-ordinaria.pdf\">Quinta sesi\u00f3n ordinaria 10-2024 16 de octubre de 2024<\/a><\/li>\n\n\n\n<li><a href=\"https:\/\/www.enac.unam.mx\/wordpress\/wp-content\/uploads\/2025\/08\/FEU_240919-SE_015-De\u0301cimo-quinta-sesio\u0301n-extraordinaria.pdf\">Decimoquinta sesi\u00f3n extraordinaria 09-2024 19 de septiembre de 2024<\/a><\/li>\n\n\n\n<li><a href=\"https:\/\/www.enac.unam.mx\/wordpress\/wp-content\/uploads\/2025\/08\/FEU_240915-SE_014-Decimocuarta-sesio\u0301n-extraordinaria.pdf\">Decimocuarta sesi\u00f3n extraordinaria 09-2024 05 de septiembre de 2024<\/a><\/li>\n\n\n\n<li><a href=\"https:\/\/www.enac.unam.mx\/wordpress\/wp-content\/uploads\/2025\/08\/He\u0301ctor-Zavala.pdf\">Renuncia H\u00e9ctor Zavala 08-2024 16 de agosto de 2024<\/a><\/li>\n\n\n\n<li><a href=\"https:\/\/www.enac.unam.mx\/wordpress\/wp-content\/uploads\/2025\/08\/FEU_240815-Acta-Cuarta-sesio\u0301n-ordinaria-CT-ENAC.pdf\">Cuarta sesi\u00f3n ordinaria 08-2024 15 de agosto de 2024<\/a><\/li>\n\n\n\n<li><a href=\"https:\/\/www.enac.unam.mx\/wordpress\/wp-content\/uploads\/2025\/08\/FEU_240819-Acta-Decimotercera-sesio\u0301n-CT-ENAC-2024-1.pdf\">Decimotercera sesi\u00f3n extraordinaria 08-2024 19 de agosto de 2024<\/a><\/li>\n\n\n\n<li><a href=\"https:\/\/www.enac.unam.mx\/wordpress\/wp-content\/uploads\/2025\/08\/FEU_240726-Acta-12a-sesio\u0301n-extraordinaria-CT-ENAC-2024.pdf\">Duod\u00e9cima sesi\u00f3n extraordinaria 07-2024 26 de julio de 2024<\/a><\/li>\n\n\n\n<li><a href=\"https:\/\/www.enac.unam.mx\/wordpress\/wp-content\/uploads\/2025\/08\/240516-3-Acta-de-la-Tercera-Sesio\u0301n-ordinaria-del-CT.pdf\">Tercera sesi\u00f3n ordinaria 05-2024 16 de mayo de 2024<\/a><\/li>\n\n\n\n<li><a href=\"https:\/\/www.enac.unam.mx\/wordpress\/wp-content\/uploads\/2025\/08\/FEU_Acta-11-sesio\u0301n-extraordinaria.pdf\">Und\u00e9cima sesi\u00f3n extraordinaria 06-2024 27 de junio de 2024<\/a><\/li>\n\n\n\n<li><a href=\"https:\/\/www.enac.unam.mx\/wordpress\/wp-content\/uploads\/2025\/08\/FEU_Acta-CTE10-2024_compressed.pdf\">D\u00e9cima sesi\u00f3n extraordinaria 06-2024 26 de junio de 2024<\/a><\/li>\n\n\n\n<li><a href=\"https:\/\/www.enac.unam.mx\/wordpress\/wp-content\/uploads\/2025\/08\/Novena-sesio\u0301n-extraordinaria.pdf\">Novena sesi\u00f3n extraordinaria 06-2024 06 de junio de 2024<\/a><\/li>\n\n\n\n<li><a href=\"https:\/\/www.enac.unam.mx\/wordpress\/wp-content\/uploads\/2025\/08\/Se\u0301ptima-sesio\u0301n-Extraordinaria-09.05.2024.pdf\">S\u00e9ptima sesi\u00f3n extraordinaria 05-2024 09 de mayo de 2024<\/a><\/li>\n\n\n\n<li><a href=\"https:\/\/www.enac.unam.mx\/wordpress\/wp-content\/uploads\/2025\/08\/sexta-sesion-extraordinaria.pdf\">Sexta sesi\u00f3n extraordinaria 03-2024 22 de marzo de 2024<\/a><\/li>\n\n\n\n<li><a href=\"https:\/\/www.enac.unam.mx\/wordpress\/wp-content\/uploads\/2025\/08\/Quinta-sesio\u0301n-extraordinaria.pdf\">Quinta sesi\u00f3n extraordinaria 03-2024 06 de marzo de 2024<\/a><\/li>\n\n\n\n<li><a href=\"https:\/\/www.enac.unam.mx\/wordpress\/wp-content\/uploads\/2025\/08\/Cuarta-Sesio\u0301n-Extraordinaria_compressed.pdf\">Cuarta sesi\u00f3n extraordinaria 02-2024 27 de febrero de 2024<\/a><\/li>\n\n\n\n<li><a href=\"https:\/\/www.enac.unam.mx\/wordpress\/wp-content\/uploads\/2025\/08\/Segunda-sesio\u0301n-ordinaria-1_compressed.pdf\">Segunda sesi\u00f3n ordinaria 03-2024 14 de marzo de 2024<\/a><\/li>\n\n\n\n<li><a href=\"https:\/\/www.enac.unam.mx\/wordpress\/wp-content\/uploads\/2025\/08\/tercera-sesion-extraordinaria.pdf\">Tercera sesi\u00f3n extraordinaria 01-2024 18 de enero de 2024<\/a><\/li>\n\n\n\n<li><a href=\"https:\/\/www.enac.unam.mx\/wordpress\/wp-content\/uploads\/2025\/08\/PRIMERA-SESIO\u0301N-ORDINARIA-CONSEJO-TE\u0301CNICO_compressed.pdf\">Primera sesi\u00f3n ordinaria 01-2024 18 de enero de 2024<\/a><\/li>\n\n\n\n<li><a href=\"https:\/\/www.enac.unam.mx\/wordpress\/wp-content\/uploads\/2025\/08\/Segunda-sesio\u0301n-extraordinaria-C.T.-15.12.2023_compressed.pdf\">Segunda sesi\u00f3n extraordinaria 12-2023 15 de diciembre de 2023<\/a><\/li>\n\n\n\n<li><a href=\"https:\/\/www.enac.unam.mx\/wordpress\/wp-content\/uploads\/2025\/08\/ACTA-DE-INATALACIO\u0301N-DEL-CONSEJO-TE\u0301CNICO-DE-LA-ENAC_compressed.pdf\">ACTA DE INSTALACI\u00d3N DEL CONSEJO T\u00c9CNICO DE LA ESCUELA NACIONAL DE ARTES CINEMATOGR\u00c1FICAS PARA EL PERIODO 2023-2027.<\/a><\/li>\n\n\n\n<li><a href=\"https:\/\/www.enac.unam.mx\/wordpress\/wp-content\/uploads\/2025\/08\/Consejo-Te\u0301cnico-Unde\u0301cima-Sesio\u0301n.pdf\">Sesi\u00f3n ordinaria 11-2023 27 de noviembre de 2023<\/a><\/li>\n\n\n\n<li><a href=\"https:\/\/www.enac.unam.mx\/wordpress\/wp-content\/uploads\/2025\/08\/Acta-10-sesio\u0301n-CT-151123_compressed.pdf\">Sesi\u00f3n ordinaria 10-2023 15 de noviembre de 2023<\/a><\/li>\n\n\n\n<li><a href=\"https:\/\/www.enac.unam.mx\/wordpress\/wp-content\/uploads\/2025\/08\/C.T.-9na.-Sesio\u0301n_compressed.pdf\">Sesi\u00f3n ordinaria 09-2023 26 de octubre de 2023<\/a><\/li>\n\n\n\n<li><a href=\"https:\/\/www.enac.unam.mx\/wordpress\/wp-content\/uploads\/2025\/08\/CTE0323-2.pdf\">Sesi\u00f3n extraordinaria 03-2023 31 de octubre de 2023<\/a><\/li>\n\n\n\n<li><a href=\"https:\/\/www.enac.unam.mx\/wordpress\/wp-content\/uploads\/2025\/08\/ENAC_DIR_270_2023-compressed.pdf\">Sesi\u00f3n ordinaria 08-2023 20 de septiembre de 2023<\/a><\/li>\n\n\n\n<li><a href=\"https:\/\/www.enac.unam.mx\/wordpress\/wp-content\/uploads\/2025\/08\/Acuerdos-CT-23-de-agosto-2023_compressed.pdf\">Sesi\u00f3n ordinaria 07-2023 23 de agosto de 2023<\/a><\/li>\n\n\n\n<li><a href=\"https:\/\/www.enac.unam.mx\/wordpress\/wp-content\/uploads\/2025\/08\/ENAC_DIR_270_2023-compressed-1.pdf\">Sesi\u00f3n ordinaria 08-2023 20 de septiembre de 2023<\/a>&nbsp;<\/li>\n\n\n\n<li><a href=\"https:\/\/www.enac.unam.mx\/wordpress\/wp-content\/uploads\/2025\/08\/CTE0323-2-1.pdf\">Sesi\u00f3n extraordinaria 03-2023 31 de octubre de 2023<\/a>&nbsp;<\/li>\n\n\n\n<li><a href=\"https:\/\/www.enac.unam.mx\/wordpress\/wp-content\/uploads\/2025\/08\/C.T.-9na.-Sesio\u0301n_compressed-1.pdf\">Sesi\u00f3n ordinaria 09-2023 26 de octubre de 2023<\/a><\/li>\n\n\n\n<li><a href=\"https:\/\/www.enac.unam.mx\/wordpress\/wp-content\/uploads\/2025\/08\/Acta-10-sesio\u0301n-CT-151123_compressed-1.pdf\">Sesi\u00f3n ordinaria 10-2023 15 de noviembre de 2023<\/a><\/li>\n\n\n\n<li><a href=\"https:\/\/www.enac.unam.mx\/wordpress\/wp-content\/uploads\/2025\/08\/Consejo-Te\u0301cnico-Unde\u0301cima-Sesio\u0301n-1.pdf\">Sesi\u00f3n ordinaria 11-2023 27 de noviembre de 2023<\/a><\/li>\n<\/ul>\n\n\n\n<p><\/p>\n<\/div>\n<\/div><\/div>\n","protected":false},"excerpt":{"rendered":"<p>Directorio H. Consejo T\u00e9cnico \u2709 ct.enac@enac.unam.mx INTEGRANTES PresidentaLic. Mar\u00eda de los \u00c1ngeles Guadalupe Castro Gurr\u00eda SecretarioCineasta Santiago Torres P\u00e9rez Direcci\u00f3n [&hellip;]<\/p>\n","protected":false},"author":1,"featured_media":0,"parent":0,"menu_order":0,"comment_status":"closed","ping_status":"closed","template":"","meta":{"_uag_custom_page_level_css":"","site-sidebar-layout":"default","site-content-layout":"","ast-site-content-layout":"default","site-content-style":"default","site-sidebar-style":"default","ast-global-header-display":"","ast-banner-title-visibility":"","ast-main-header-display":"","ast-hfb-above-header-display":"","ast-hfb-below-header-display":"","ast-hfb-mobile-header-display":"","site-post-title":"disabled","ast-breadcrumbs-content":"","ast-featured-img":"","footer-sml-layout":"","ast-disable-related-posts":"","theme-transparent-header-meta":"","adv-header-id-meta":"","stick-header-meta":"","header-above-stick-meta":"","header-main-stick-meta":"","header-below-stick-meta":"","astra-migrate-meta-layouts":"set","ast-page-background-enabled":"default","ast-page-background-meta":{"desktop":{"background-color":"var(--ast-global-color-4)","background-image":"","background-repeat":"repeat","background-position":"center center","background-size":"auto","background-attachment":"scroll","background-type":"","background-media":"","overlay-type":"","overlay-color":"","overlay-opacity":"","overlay-gradient":""},"tablet":{"background-color":"","background-image":"","background-repeat":"repeat","background-position":"center center","background-size":"auto","background-attachment":"scroll","background-type":"","background-media":"","overlay-type":"","overlay-color":"","overlay-opacity":"","overlay-gradient":""},"mobile":{"background-color":"","background-image":"","background-repeat":"repeat","background-position":"center center","background-size":"auto","background-attachment":"scroll","background-type":"","background-media":"","overlay-type":"","overlay-color":"","overlay-opacity":"","overlay-gradient":""}},"ast-content-background-meta":{"desktop":{"background-color":"var(--ast-global-color-5)","background-image":"","background-repeat":"repeat","background-position":"center center","background-size":"auto","background-attachment":"scroll","background-type":"","background-media":"","overlay-type":"","overlay-color":"","overlay-opacity":"","overlay-gradient":""},"tablet":{"background-color":"var(--ast-global-color-5)","background-image":"","background-repeat":"repeat","background-position":"center center","background-size":"auto","background-attachment":"scroll","background-type":"","background-media":"","overlay-type":"","overlay-color":"","overlay-opacity":"","overlay-gradient":""},"mobile":{"background-color":"var(--ast-global-color-5)","background-image":"","background-repeat":"repeat","background-position":"center center","background-size":"auto","background-attachment":"scroll","background-type":"","background-media":"","overlay-type":"","overlay-color":"","overlay-opacity":"","overlay-gradient":""}},"footnotes":""},"class_list":["post-1069","page","type-page","status-publish","hentry"],"uagb_featured_image_src":{"full":false,"thumbnail":false,"medium":false,"medium_large":false,"large":false,"thumblist":false,"thumbrelated":false,"meccarouselthumb":false,"gridsquare":false,"tileview":false,"1536x1536":false,"2048x2048":false},"uagb_author_info":{"display_name":"pruebasenac","author_link":"https:\/\/www.enac.unam.mx\/wordpress\/author\/pruebasenac\/"},"uagb_comment_info":0,"uagb_excerpt":"Directorio H. Consejo T\u00e9cnico \u2709 ct.enac@enac.unam.mx INTEGRANTES PresidentaLic. Mar\u00eda de los \u00c1ngeles Guadalupe Castro Gurr\u00eda SecretarioCineasta Santiago Torres P\u00e9rez Direcci\u00f3n [&hellip;]","_links":{"self":[{"href":"https:\/\/www.enac.unam.mx\/wordpress\/wp-json\/wp\/v2\/pages\/1069","targetHints":{"allow":["GET"]}}],"collection":[{"href":"https:\/\/www.enac.unam.mx\/wordpress\/wp-json\/wp\/v2\/pages"}],"about":[{"href":"https:\/\/www.enac.unam.mx\/wordpress\/wp-json\/wp\/v2\/types\/page"}],"author":[{"embeddable":true,"href":"https:\/\/www.enac.unam.mx\/wordpress\/wp-json\/wp\/v2\/users\/1"}],"replies":[{"embeddable":true,"href":"https:\/\/www.enac.unam.mx\/wordpress\/wp-json\/wp\/v2\/comments?post=1069"}],"version-history":[{"count":45,"href":"https:\/\/www.enac.unam.mx\/wordpress\/wp-json\/wp\/v2\/pages\/1069\/revisions"}],"predecessor-version":[{"id":3561,"href":"https:\/\/www.enac.unam.mx\/wordpress\/wp-json\/wp\/v2\/pages\/1069\/revisions\/3561"}],"wp:attachment":[{"href":"https:\/\/www.enac.unam.mx\/wordpress\/wp-json\/wp\/v2\/media?parent=1069"}],"curies":[{"name":"wp","href":"https:\/\/api.w.org\/{rel}","templated":true}]}}