{"id":1078,"date":"2024-05-10T19:17:22","date_gmt":"2024-05-11T01:17:22","guid":{"rendered":"http:\/\/132.247.107.4\/wordpress\/?page_id=1078"},"modified":"2025-08-09T03:14:55","modified_gmt":"2025-08-09T09:14:55","slug":"historia","status":"publish","type":"page","link":"https:\/\/www.enac.unam.mx\/wordpress\/historia\/","title":{"rendered":"Historia"},"content":{"rendered":"\n<div class=\"wp-block-uagb-container uagb-block-1d2970f6 alignfull uagb-is-root-container\"><div class=\"uagb-container-inner-blocks-wrap\">\n<div class=\"wp-block-uagb-advanced-heading uagb-block-ed72bca9\"><h2 class=\"uagb-heading-text\">Historia de la ENAC<\/h2><\/div>\n<\/div><\/div>\n\n\n\n<div class=\"wp-block-uagb-container uagb-block-b1b3be20 alignfull uagb-is-root-container\"><div class=\"uagb-container-inner-blocks-wrap\">\n<div class=\"wp-block-uagb-container uagb-block-a4089c60\">\n<p>En 1963 se crea el Centro Universitario de Estudios Cinematogr\u00e1ficos (CUEC), convirti\u00e9ndose en la primera instituci\u00f3n de ense\u00f1anza cinematogr\u00e1fica de Am\u00e9rica Latina. Manuel Gonz\u00e1lez Casanova fue su fundador y primer director.&nbsp;&nbsp;<\/p>\n<\/div>\n\n\n\n<div class=\"wp-block-uagb-container uagb-block-cc18a6ab\"><\/div>\n<\/div><\/div>\n\n\n\n<div class=\"wp-block-uagb-container uagb-block-7be1ff39 alignfull uagb-is-root-container\"><div class=\"uagb-container-inner-blocks-wrap\">\n<div class=\"wp-block-uagb-container uagb-block-ea97220c\">\n<p>El CUEC otorg\u00f3 el espacio para abordar los temas cinematogr\u00e1ficos con un sentido cr\u00edtico, creativo y propositivo. As\u00ed, a principios de los a\u00f1os 60, artistas, escritores y cineastas latinoamericanos como Manuel \u00c1lvarez Bravo, Luis Bu\u00f1uel, Rosario Castellanos y Gabriel Garc\u00eda M\u00e1rquez impartieron las primeras lecciones.&nbsp;&nbsp;<\/p>\n\n\n\n<p>La libertad de ense\u00f1ar cine fue un aspecto fundamental para formar cineastas de alto nivel profesional desde una perspectiva de ense\u00f1anza sistem\u00e1tica por medio de la cr\u00edtica, el an\u00e1lisis y la investigaci\u00f3n, lo que llev\u00f3 a la transformaci\u00f3n del CUEC en la Escuela Nacional de Artes Cinematogr\u00e1ficas (ENAC), aprobada por el Consejo Universitario de la UNAM el 27 en marzo de 2019.&nbsp;&nbsp;<\/p>\n\n\n\n<p>La ENAC ha llevado adelante el proceso de consolidaci\u00f3n y fortalecimiento acad\u00e9mico e institucional, as\u00ed como con el compromiso social de mostrar la realidad a trav\u00e9s del cine, de crear e innovar el lenguaje y discurso narrativo, pues el mundo ha evolucionado y con ello la manera de hacer cine. De sus aulas egresan cineastas que se incorporan exitosamente a la industria cinematogr\u00e1fica nacional e internacional.&nbsp;<\/p>\n<\/div>\n\n\n\n<div class=\"wp-block-uagb-container uagb-block-311dbc30\">\n<figure class=\"wp-block-pullquote has-text-align-left has-ast-global-color-6-background-color has-background has-medium-font-size\"><blockquote><p>Mostrar la realidad a trav\u00e9s del cine, innovar el lenguaje <br>y transformar la narrativa: ese es nuestro compromiso.<\/p><\/blockquote><\/figure>\n<\/div>\n<\/div><\/div>\n\n\n\n<div class=\"wp-block-uagb-container uagb-block-04dd5ba7 alignfull uagb-is-root-container\"><div class=\"uagb-container-inner-blocks-wrap\">\n<div class=\"wp-block-uagb-container uagb-block-1c799712\">\n<ul class=\"wp-block-list\">\n<li><strong>1963<\/strong> \u2013 Se funda el Centro Universitario de Estudios Cinematogr\u00e1ficos (CUEC), la primera escuela de cine en Am\u00e9rica Latina.<\/li>\n\n\n\n<li><strong>A\u00f1os 60<\/strong> \u2013 Cineastas y escritores como Manuel \u00c1lvarez Bravo, Luis Bu\u00f1uel, Rosario Castellanos y Gabriel Garc\u00eda M\u00e1rquez imparten las primeras lecciones.<\/li>\n\n\n\n<li><strong>1975<\/strong> \u2013 Inicia la investigaci\u00f3n de Mar\u00eda Luisa Amador y Jorge Ayala Blanco sobre la exhibici\u00f3n cinematogr\u00e1fica en Ciudad de M\u00e9xico, que dar\u00eda origen a la <strong>Cartelera cinematogr\u00e1fica<\/strong>.<\/li>\n\n\n\n<li><strong>1990-2025<\/strong> \u2013 Se publican cerca de 200 t\u00edtulos editoriales, consolidando a la escuela como una de las editoriales cinematogr\u00e1ficas m\u00e1s importantes en Hispanoam\u00e9rica.<\/li>\n\n\n\n<li><strong>1994<\/strong> \u2013 Se funda la revista <strong>Estudios Cinematogr\u00e1ficos<\/strong>, con 40 n\u00fameros publicados hasta 2020.<\/li>\n\n\n\n<li><strong>2017<\/strong> \u2013 Inicia la publicaci\u00f3n de libros digitales, ampliando el alcance del fondo editorial.<\/li>\n\n\n\n<li><strong>2019<\/strong> \u2013 El Consejo Universitario de la UNAM aprueba la transformaci\u00f3n del CUEC en la <strong>Escuela Nacional de Artes Cinematogr\u00e1ficas (ENAC)<\/strong>.<\/li>\n\n\n\n<li><strong>2020<\/strong> \u2013 Se publica el \u00faltimo volumen de la <strong>Cartelera cinematogr\u00e1fica<\/strong> y comienza el desarrollo de la base de datos de libre acceso <strong>Cartelera cinematogr\u00e1fica digital 1912-1999<\/strong>.<\/li>\n\n\n\n<li><strong>2025<\/strong> \u2013 Se celebra el 60\u00b0 aniversario de Jorge Ayala Blanco como profesor con la publicaci\u00f3n de <em>La sapiencia del cine mexicano<\/em>.<\/li>\n<\/ul>\n<\/div>\n\n\n\n<div class=\"wp-block-uagb-container uagb-block-55515ad1\"><figure class=\"wp-block-post-featured-image\"><img decoding=\"async\" width=\"2000\" height=\"1545\" data-src=\"https:\/\/www.enac.unam.mx\/wordpress\/wp-content\/uploads\/2025\/08\/7Negativos-51-1.jpg\" class=\"attachment-post-thumbnail size-post-thumbnail wp-post-image lazyload\" alt=\"\" style=\"--smush-placeholder-width: 2000px; --smush-placeholder-aspect-ratio: 2000\/1545;object-fit:cover;\" src=\"data:image\/svg+xml;base64,PHN2ZyB3aWR0aD0iMSIgaGVpZ2h0PSIxIiB4bWxucz0iaHR0cDovL3d3dy53My5vcmcvMjAwMC9zdmciPjwvc3ZnPg==\" \/><\/figure><\/div>\n<\/div><\/div>\n","protected":false},"excerpt":{"rendered":"<p>Historia de la ENAC En 1963 se crea el Centro Universitario de Estudios Cinematogr\u00e1ficos (CUEC), convirti\u00e9ndose en la primera instituci\u00f3n [&hellip;]<\/p>\n","protected":false},"author":1,"featured_media":2334,"parent":0,"menu_order":0,"comment_status":"closed","ping_status":"closed","template":"","meta":{"_uag_custom_page_level_css":"","site-sidebar-layout":"default","site-content-layout":"","ast-site-content-layout":"default","site-content-style":"default","site-sidebar-style":"default","ast-global-header-display":"","ast-banner-title-visibility":"","ast-main-header-display":"","ast-hfb-above-header-display":"","ast-hfb-below-header-display":"","ast-hfb-mobile-header-display":"","site-post-title":"disabled","ast-breadcrumbs-content":"","ast-featured-img":"","footer-sml-layout":"","ast-disable-related-posts":"","theme-transparent-header-meta":"","adv-header-id-meta":"","stick-header-meta":"","header-above-stick-meta":"","header-main-stick-meta":"","header-below-stick-meta":"","astra-migrate-meta-layouts":"set","ast-page-background-enabled":"default","ast-page-background-meta":{"desktop":{"background-color":"var(--ast-global-color-4)","background-image":"","background-repeat":"repeat","background-position":"center center","background-size":"auto","background-attachment":"scroll","background-type":"","background-media":"","overlay-type":"","overlay-color":"","overlay-opacity":"","overlay-gradient":""},"tablet":{"background-color":"","background-image":"","background-repeat":"repeat","background-position":"center center","background-size":"auto","background-attachment":"scroll","background-type":"","background-media":"","overlay-type":"","overlay-color":"","overlay-opacity":"","overlay-gradient":""},"mobile":{"background-color":"","background-image":"","background-repeat":"repeat","background-position":"center center","background-size":"auto","background-attachment":"scroll","background-type":"","background-media":"","overlay-type":"","overlay-color":"","overlay-opacity":"","overlay-gradient":""}},"ast-content-background-meta":{"desktop":{"background-color":"var(--ast-global-color-5)","background-image":"","background-repeat":"repeat","background-position":"center center","background-size":"auto","background-attachment":"scroll","background-type":"","background-media":"","overlay-type":"","overlay-color":"","overlay-opacity":"","overlay-gradient":""},"tablet":{"background-color":"var(--ast-global-color-5)","background-image":"","background-repeat":"repeat","background-position":"center center","background-size":"auto","background-attachment":"scroll","background-type":"","background-media":"","overlay-type":"","overlay-color":"","overlay-opacity":"","overlay-gradient":""},"mobile":{"background-color":"var(--ast-global-color-5)","background-image":"","background-repeat":"repeat","background-position":"center center","background-size":"auto","background-attachment":"scroll","background-type":"","background-media":"","overlay-type":"","overlay-color":"","overlay-opacity":"","overlay-gradient":""}},"footnotes":""},"class_list":["post-1078","page","type-page","status-publish","has-post-thumbnail","hentry"],"uagb_featured_image_src":{"full":["https:\/\/www.enac.unam.mx\/wordpress\/wp-content\/uploads\/2025\/08\/7Negativos-51-1.jpg",2000,1545,false],"thumbnail":["https:\/\/www.enac.unam.mx\/wordpress\/wp-content\/uploads\/2025\/08\/7Negativos-51-1.jpg",150,116,false],"medium":["https:\/\/www.enac.unam.mx\/wordpress\/wp-content\/uploads\/2025\/08\/7Negativos-51-1.jpg",300,232,false],"medium_large":["https:\/\/www.enac.unam.mx\/wordpress\/wp-content\/uploads\/2025\/08\/7Negativos-51-1.jpg",768,593,false],"large":["https:\/\/www.enac.unam.mx\/wordpress\/wp-content\/uploads\/2025\/08\/7Negativos-51-1.jpg",1024,791,false],"thumblist":["https:\/\/www.enac.unam.mx\/wordpress\/wp-content\/uploads\/2025\/08\/7Negativos-51-1.jpg",300,232,false],"thumbrelated":["https:\/\/www.enac.unam.mx\/wordpress\/wp-content\/uploads\/2025\/08\/7Negativos-51-1.jpg",500,386,false],"meccarouselthumb":["https:\/\/www.enac.unam.mx\/wordpress\/wp-content\/uploads\/2025\/08\/7Negativos-51-1.jpg",419,324,false],"gridsquare":["https:\/\/www.enac.unam.mx\/wordpress\/wp-content\/uploads\/2025\/08\/7Negativos-51-1.jpg",337,260,false],"tileview":["https:\/\/www.enac.unam.mx\/wordpress\/wp-content\/uploads\/2025\/08\/7Negativos-51-1.jpg",300,232,false],"1536x1536":["https:\/\/www.enac.unam.mx\/wordpress\/wp-content\/uploads\/2025\/08\/7Negativos-51-1.jpg",1536,1187,false],"2048x2048":["https:\/\/www.enac.unam.mx\/wordpress\/wp-content\/uploads\/2025\/08\/7Negativos-51-1.jpg",2000,1545,false]},"uagb_author_info":{"display_name":"pruebasenac","author_link":"https:\/\/www.enac.unam.mx\/wordpress\/author\/pruebasenac\/"},"uagb_comment_info":0,"uagb_excerpt":"Historia de la ENAC En 1963 se crea el Centro Universitario de Estudios Cinematogr\u00e1ficos (CUEC), convirti\u00e9ndose en la primera instituci\u00f3n [&hellip;]","_links":{"self":[{"href":"https:\/\/www.enac.unam.mx\/wordpress\/wp-json\/wp\/v2\/pages\/1078","targetHints":{"allow":["GET"]}}],"collection":[{"href":"https:\/\/www.enac.unam.mx\/wordpress\/wp-json\/wp\/v2\/pages"}],"about":[{"href":"https:\/\/www.enac.unam.mx\/wordpress\/wp-json\/wp\/v2\/types\/page"}],"author":[{"embeddable":true,"href":"https:\/\/www.enac.unam.mx\/wordpress\/wp-json\/wp\/v2\/users\/1"}],"replies":[{"embeddable":true,"href":"https:\/\/www.enac.unam.mx\/wordpress\/wp-json\/wp\/v2\/comments?post=1078"}],"version-history":[{"count":26,"href":"https:\/\/www.enac.unam.mx\/wordpress\/wp-json\/wp\/v2\/pages\/1078\/revisions"}],"predecessor-version":[{"id":2335,"href":"https:\/\/www.enac.unam.mx\/wordpress\/wp-json\/wp\/v2\/pages\/1078\/revisions\/2335"}],"wp:featuredmedia":[{"embeddable":true,"href":"https:\/\/www.enac.unam.mx\/wordpress\/wp-json\/wp\/v2\/media\/2334"}],"wp:attachment":[{"href":"https:\/\/www.enac.unam.mx\/wordpress\/wp-json\/wp\/v2\/media?parent=1078"}],"curies":[{"name":"wp","href":"https:\/\/api.w.org\/{rel}","templated":true}]}}