{"id":1394,"date":"2024-05-27T20:21:28","date_gmt":"2024-05-28T02:21:28","guid":{"rendered":"http:\/\/132.247.107.4\/wordpress\/?page_id=1394"},"modified":"2026-03-13T17:57:38","modified_gmt":"2026-03-13T23:57:38","slug":"igualdad-de-genero","status":"publish","type":"page","link":"https:\/\/www.enac.unam.mx\/wordpress\/igualdad-de-genero\/","title":{"rendered":"Igualdad de g\u00e9nero"},"content":{"rendered":"\n<div class=\"wp-block-uagb-container uagb-block-1d2970f6 alignfull uagb-is-root-container\"><div class=\"uagb-container-inner-blocks-wrap\">\n<div class=\"wp-block-uagb-advanced-heading uagb-block-ed72bca9\"><h2 class=\"uagb-heading-text\">Igualdad de g\u00e9nero<\/h2><\/div>\n<\/div><\/div>\n\n\n\n<div style=\"height:50px\" aria-hidden=\"true\" class=\"wp-block-spacer\"><\/div>\n\n\n\n<div class=\"wp-block-uagb-container uagb-block-d2070aae alignwide uagb-is-root-container\">\n<div class=\"wp-block-uagb-container uagb-block-e19f9e5c\">\n<div class=\"wp-block-uagb-advanced-heading uagb-block-e2a80148\"><h3 class=\"uagb-heading-text\">Comisi\u00f3n Interna para la Igualdad de G\u00e9nero<\/h3><\/div>\n\n\n\n<div class=\"wp-block-group is-nowrap is-layout-flex wp-container-core-group-is-layout-6c531013 wp-block-group-is-layout-flex\">\n<p>La Comisi\u00f3n Interna para la Igualdad de G\u00e9nero de la Escuela Nacional de Artes Cinematogr\u00e1ficas (CInIG-ENAC) tiene como objetivo impulsar la implementaci\u00f3n de la pol\u00edtica institucional en materia de igualdad de g\u00e9nero de la Universidad y prevenir cualquier tipo de discriminaci\u00f3n y violencia por razones de g\u00e9nero, a trav\u00e9s de acciones sistem\u00e1ticas dise\u00f1adas con la participaci\u00f3n de las autoridades y la comunidad.&nbsp;<\/p>\n<\/div>\n<\/div>\n\n\n\n<div class=\"wp-block-uagb-container uagb-block-5a249249\">\n<figure class=\"wp-block-image aligncenter size-full is-resized\"><img decoding=\"async\" width=\"1658\" height=\"928\" data-src=\"https:\/\/www.enac.unam.mx\/wordpress\/wp-content\/uploads\/2026\/03\/LOGO-CINIG-COLOR.png\" alt=\"\" class=\"wp-image-3699 lazyload\" style=\"--smush-placeholder-width: 1658px; --smush-placeholder-aspect-ratio: 1658\/928;width:400px\" data-srcset=\"https:\/\/www.enac.unam.mx\/wordpress\/wp-content\/uploads\/2026\/03\/LOGO-CINIG-COLOR.png 1658w, https:\/\/www.enac.unam.mx\/wordpress\/wp-content\/uploads\/2026\/03\/LOGO-CINIG-COLOR-300x168.png 300w, https:\/\/www.enac.unam.mx\/wordpress\/wp-content\/uploads\/2026\/03\/LOGO-CINIG-COLOR-1024x573.png 1024w, https:\/\/www.enac.unam.mx\/wordpress\/wp-content\/uploads\/2026\/03\/LOGO-CINIG-COLOR-768x430.png 768w, https:\/\/www.enac.unam.mx\/wordpress\/wp-content\/uploads\/2026\/03\/LOGO-CINIG-COLOR-1536x860.png 1536w\" data-sizes=\"(max-width: 1658px) 100vw, 1658px\" src=\"data:image\/svg+xml;base64,PHN2ZyB3aWR0aD0iMSIgaGVpZ2h0PSIxIiB4bWxucz0iaHR0cDovL3d3dy53My5vcmcvMjAwMC9zdmciPjwvc3ZnPg==\" \/><\/figure>\n<\/div>\n<\/div>\n\n\n\n<div style=\"height:50px\" aria-hidden=\"true\" class=\"wp-block-spacer\"><\/div>\n\n\n\n<div class=\"wp-block-uagb-container uagb-block-4d793028 alignwide uagb-is-root-container\">\n<div class=\"wp-block-uagb-container uagb-block-37d014bd\">\n<div class=\"wp-block-uagb-container uagb-block-f35da121\">\n<div class=\"wp-block-uagb-advanced-heading uagb-block-91381837\"><h3 class=\"uagb-heading-text\">Estructura<\/h3><\/div>\n\n\n\n<p>Con base en los <em>Lineamientos generales para guiar la conformaci\u00f3n y el funcionamiento de las Comisiones Internas para la Igualdad de G\u00e9nero en entidades acad\u00e9micas y dependencias universitarias de la UNAM<\/em>, la Comisi\u00f3n Interna para la Igualdad de G\u00e9nero (CInIG) de la Escuela Nacional de Artes Cinematogr\u00e1ficas, tiene la siguiente estructura:&nbsp;<\/p>\n<\/div>\n<\/div>\n\n\n\n<div class=\"wp-block-uagb-container uagb-block-ab83dadc\">\n<p><strong>Mar\u00eda de los \u00c1ngeles Guadalupe Castro Gurr\u00eda<\/strong><br><em>Direcci\u00f3n (titular o representante)<\/em><\/p>\n\n\n\n<p><strong>Paola Ximena Esquivel Cordero<\/strong><br><em>Integrante con funciones operativas en la Direcci\u00f3n<\/em><\/p>\n\n\n\n<p><strong>Carlos Taibo Mahojo<\/strong><br><em>Integrante del Consejo T\u00e9cnico (personal acad\u00e9mico)<\/em><\/p>\n\n\n\n<p><strong>Frida Paola Gonz\u00e1lez Mart\u00ednez<\/strong><br><em>Integrante del Consejo T\u00e9cnico (alumnado)<\/em><\/p>\n\n\n\n<p><strong>Claudia Rivera Aubert<\/strong><br><em>Integrante de la comunidad (sector acad\u00e9mico)<\/em><\/p>\n\n\n\n<p><strong>Alejandra L\u00f3pez Alvarado<\/strong><br><em>Integrante de la comunidad (sector estudiantil)<\/em><\/p>\n\n\n\n<p><strong>Ariadne Garc\u00eda Cano<\/strong><br><em>Integrante de la comunidad (sector administrativo)<\/em><\/p>\n\n\n\n<p><strong>Eduardo Jim\u00e9nez Ibarra<\/strong><br><em>Enlace de la Comisi\u00f3n Local de Seguridad<\/em><\/p>\n\n\n\n<p><strong>Laura Rodr\u00edguez Miranda<\/strong><br><em>Persona invitada<\/em><\/p>\n<\/div>\n<\/div>\n\n\n\n<div style=\"height:33px\" aria-hidden=\"true\" class=\"wp-block-spacer\"><\/div>\n\n\n\n<div class=\"wp-block-uagb-container uagb-block-024d7eb2 alignwide uagb-is-root-container\">\n<div style=\"height:50px\" aria-hidden=\"true\" class=\"wp-block-spacer\"><\/div>\n\n\n\n<div class=\"wp-block-uagb-buttons uagb-buttons__outer-wrap uagb-btn__large-btn uagb-btn-tablet__default-btn uagb-btn-mobile__default-btn uagb-block-c4682174\"><div class=\"uagb-buttons__wrap uagb-buttons-layout-wrap \">\n<div class=\"wp-block-uagb-buttons-child uagb-buttons__outer-wrap uagb-block-d8bbf258 wp-block-button\"><div class=\"uagb-button__wrapper\"><a class=\"uagb-buttons-repeater wp-block-button__link\" aria-label=\"\" href=\"https:\/\/www.enac.unam.mx\/wordpress\/wp-content\/uploads\/2026\/03\/ACTACINIGENAC.2026.pdf\" rel=\"follow noopener\" target=\"_self\" role=\"button\"><div class=\"uagb-button__link\">Acta constitutiva<\/div><\/a><\/div><\/div>\n\n\n\n<div class=\"wp-block-uagb-buttons-child uagb-buttons__outer-wrap uagb-block-bcbbd437 wp-block-button\"><div class=\"uagb-button__wrapper\"><a class=\"uagb-buttons-repeater wp-block-button__link\" aria-label=\"\" href=\"https:\/\/www.enac.unam.mx\/wordpress\/wp-content\/uploads\/2026\/03\/Manual-de-operacion-y-funciones-CInIG-ENAC.pdf\" rel=\"follow noopener\" target=\"_self\" role=\"button\"><div class=\"uagb-button__link\">Manual de operaci\u00f3n y funciones<\/div><\/a><\/div><\/div>\n<\/div><\/div>\n\n\n\n<div class=\"wp-block-uagb-container uagb-block-e632180d alignfull uagb-is-root-container\"><div class=\"uagb-container-inner-blocks-wrap\">\n<p>Si te interesa hacer llegar una consulta, planteamiento o proyecto a la CInIG-ENAC, env\u00eda tu escrito a la persona Secretaria de la Comisi\u00f3n al correo\u00a0<strong>cinig@enac.unam.mx<\/strong>\u00a0<\/p>\n\n\n\n<p><em>Con cada iniciativa, la comisi\u00f3n fortalece su compromiso por un entorno acad\u00e9mico equitativo y libre de violencia.<\/em><\/p>\n<\/div><\/div>\n\n\n\n<div style=\"height:50px\" aria-hidden=\"true\" class=\"wp-block-spacer\"><\/div>\n<\/div>\n\n\n\n<div class=\"wp-block-uagb-container uagb-block-40a71303 alignfull uagb-is-root-container\"><div class=\"uagb-container-inner-blocks-wrap\">\n<div class=\"wp-block-uagb-image uagb-block-e19f4d5c wp-block-uagb-image--layout-default wp-block-uagb-image--effect-static wp-block-uagb-image--align-none\"><figure class=\"wp-block-uagb-image__figure\"><img decoding=\"async\" data-srcset=\"https:\/\/www.enac.unam.mx\/wordpress\/wp-content\/uploads\/2025\/12\/VIOLENCIA-DE-GENERO-01-663x1024.png ,https:\/\/www.enac.unam.mx\/wordpress\/wp-content\/uploads\/2025\/12\/VIOLENCIA-DE-GENERO-01.png 780w, https:\/\/www.enac.unam.mx\/wordpress\/wp-content\/uploads\/2025\/12\/VIOLENCIA-DE-GENERO-01.png 360w\" data-sizes=\"auto, (max-width: 480px) 150px\" data-src=\"https:\/\/www.enac.unam.mx\/wordpress\/wp-content\/uploads\/2025\/12\/VIOLENCIA-DE-GENERO-01-663x1024.png\" alt=\"\" class=\"uag-image-3288 lazyload\" width=\"663\" height=\"1024\" title=\"VIOLENCIA DE GENERO-01\" role=\"img\" src=\"data:image\/svg+xml;base64,PHN2ZyB3aWR0aD0iMSIgaGVpZ2h0PSIxIiB4bWxucz0iaHR0cDovL3d3dy53My5vcmcvMjAwMC9zdmciPjwvc3ZnPg==\" style=\"--smush-placeholder-width: 663px; --smush-placeholder-aspect-ratio: 663\/1024;\" \/><\/figure><\/div>\n<\/div><\/div>\n\n\n\n<div class=\"wp-block-uagb-container uagb-block-dcb36e52 alignfull uagb-is-root-container\"><div class=\"uagb-container-inner-blocks-wrap\">\n<div class=\"wp-block-uagb-container uagb-block-adfe1a19\">\n<div class=\"wp-block-uagb-buttons uagb-buttons__outer-wrap uagb-btn__default-btn uagb-btn-tablet__default-btn uagb-btn-mobile__default-btn uagb-block-af097dcd\"><div class=\"uagb-buttons__wrap uagb-buttons-layout-wrap \">\n<div class=\"wp-block-uagb-buttons-child uagb-buttons__outer-wrap uagb-block-bb52989e wp-block-button\"><div class=\"uagb-button__wrapper\"><a class=\"uagb-buttons-repeater wp-block-button__link\" aria-label=\"\" href=\"https:\/\/www.defensoria.unam.mx\/web\/ruta-queja-violencia-genero\" rel=\"follow noopener\" target=\"_self\" role=\"button\"><div class=\"uagb-button__link\">Ruta de atenci\u00f3n de quejas por violencia de g\u00e9nero<\/div><\/a><\/div><\/div>\n<\/div><\/div>\n<\/div>\n\n\n\n<div class=\"wp-block-uagb-container uagb-block-503a1ea6\">\n<figure class=\"wp-block-embed is-type-video is-provider-youtube wp-block-embed-youtube wp-embed-aspect-4-3 wp-has-aspect-ratio\"><div class=\"wp-block-embed__wrapper\">\n<iframe title=\"Atenci\u00f3n de quejas de violencia de g\u00e9nero\" width=\"500\" height=\"375\" data-src=\"https:\/\/www.youtube.com\/embed\/v3jQHh2uaSw?feature=oembed\" frameborder=\"0\" allow=\"accelerometer; autoplay; clipboard-write; encrypted-media; gyroscope; picture-in-picture; web-share\" referrerpolicy=\"strict-origin-when-cross-origin\" allowfullscreen src=\"data:image\/svg+xml;base64,PHN2ZyB3aWR0aD0iMSIgaGVpZ2h0PSIxIiB4bWxucz0iaHR0cDovL3d3dy53My5vcmcvMjAwMC9zdmciPjwvc3ZnPg==\" class=\"lazyload\" data-load-mode=\"1\"><\/iframe>\n<\/div><\/figure>\n<\/div>\n<\/div><\/div>\n\n\n\n<div style=\"height:33px\" aria-hidden=\"true\" class=\"wp-block-spacer\"><\/div>\n\n\n\n<div class=\"wp-block-uagb-container uagb-block-a9ebd1e3 alignfull uagb-is-root-container\"><div class=\"uagb-container-inner-blocks-wrap\">\n<ul class=\"wp-block-list\">\n<li><a href=\"https:\/\/coordinaciongenero.unam.mx\/\">Coordinaci\u00f3n para la Igualdad de G\u00e9nero UNAM<\/a> <\/li>\n\n\n\n<li><a href=\"https:\/\/coordinaciongenero.unam.mx\/\">Centro de Investigaciones y Estudios de G\u00e9nero<\/a><\/li>\n\n\n\n<li><a href=\"https:\/\/coordinaciongenero.unam.mx\/2013\/03\/lineamientos-generales-para-la-igualdad-de-genero-en-la-unam\/\">Lineamientos generales para la igualdad de g\u00e9nero en la UNAM<\/a> <\/li>\n<\/ul>\n<\/div><\/div>\n\n\n\n<p><\/p>\n","protected":false},"excerpt":{"rendered":"<p>Igualdad de g\u00e9nero Comisi\u00f3n Interna para la Igualdad de G\u00e9nero La Comisi\u00f3n Interna para la Igualdad de G\u00e9nero de la [&hellip;]<\/p>\n","protected":false},"author":1,"featured_media":0,"parent":0,"menu_order":0,"comment_status":"closed","ping_status":"closed","template":"","meta":{"_uag_custom_page_level_css":"","site-sidebar-layout":"default","site-content-layout":"","ast-site-content-layout":"default","site-content-style":"default","site-sidebar-style":"default","ast-global-header-display":"","ast-banner-title-visibility":"","ast-main-header-display":"","ast-hfb-above-header-display":"","ast-hfb-below-header-display":"","ast-hfb-mobile-header-display":"","site-post-title":"disabled","ast-breadcrumbs-content":"","ast-featured-img":"","footer-sml-layout":"","ast-disable-related-posts":"","theme-transparent-header-meta":"","adv-header-id-meta":"","stick-header-meta":"","header-above-stick-meta":"","header-main-stick-meta":"","header-below-stick-meta":"","astra-migrate-meta-layouts":"set","ast-page-background-enabled":"default","ast-page-background-meta":{"desktop":{"background-color":"var(--ast-global-color-4)","background-image":"","background-repeat":"repeat","background-position":"center center","background-size":"auto","background-attachment":"scroll","background-type":"","background-media":"","overlay-type":"","overlay-color":"","overlay-opacity":"","overlay-gradient":""},"tablet":{"background-color":"","background-image":"","background-repeat":"repeat","background-position":"center center","background-size":"auto","background-attachment":"scroll","background-type":"","background-media":"","overlay-type":"","overlay-color":"","overlay-opacity":"","overlay-gradient":""},"mobile":{"background-color":"","background-image":"","background-repeat":"repeat","background-position":"center center","background-size":"auto","background-attachment":"scroll","background-type":"","background-media":"","overlay-type":"","overlay-color":"","overlay-opacity":"","overlay-gradient":""}},"ast-content-background-meta":{"desktop":{"background-color":"var(--ast-global-color-5)","background-image":"","background-repeat":"repeat","background-position":"center center","background-size":"auto","background-attachment":"scroll","background-type":"","background-media":"","overlay-type":"","overlay-color":"","overlay-opacity":"","overlay-gradient":""},"tablet":{"background-color":"var(--ast-global-color-5)","background-image":"","background-repeat":"repeat","background-position":"center center","background-size":"auto","background-attachment":"scroll","background-type":"","background-media":"","overlay-type":"","overlay-color":"","overlay-opacity":"","overlay-gradient":""},"mobile":{"background-color":"var(--ast-global-color-5)","background-image":"","background-repeat":"repeat","background-position":"center center","background-size":"auto","background-attachment":"scroll","background-type":"","background-media":"","overlay-type":"","overlay-color":"","overlay-opacity":"","overlay-gradient":""}},"footnotes":""},"class_list":["post-1394","page","type-page","status-publish","hentry"],"uagb_featured_image_src":{"full":false,"thumbnail":false,"medium":false,"medium_large":false,"large":false,"thumblist":false,"thumbrelated":false,"meccarouselthumb":false,"gridsquare":false,"tileview":false,"1536x1536":false,"2048x2048":false},"uagb_author_info":{"display_name":"pruebasenac","author_link":"https:\/\/www.enac.unam.mx\/wordpress\/author\/pruebasenac\/"},"uagb_comment_info":0,"uagb_excerpt":"Igualdad de g\u00e9nero Comisi\u00f3n Interna para la Igualdad de G\u00e9nero La Comisi\u00f3n Interna para la Igualdad de G\u00e9nero de la [&hellip;]","_links":{"self":[{"href":"https:\/\/www.enac.unam.mx\/wordpress\/wp-json\/wp\/v2\/pages\/1394","targetHints":{"allow":["GET"]}}],"collection":[{"href":"https:\/\/www.enac.unam.mx\/wordpress\/wp-json\/wp\/v2\/pages"}],"about":[{"href":"https:\/\/www.enac.unam.mx\/wordpress\/wp-json\/wp\/v2\/types\/page"}],"author":[{"embeddable":true,"href":"https:\/\/www.enac.unam.mx\/wordpress\/wp-json\/wp\/v2\/users\/1"}],"replies":[{"embeddable":true,"href":"https:\/\/www.enac.unam.mx\/wordpress\/wp-json\/wp\/v2\/comments?post=1394"}],"version-history":[{"count":50,"href":"https:\/\/www.enac.unam.mx\/wordpress\/wp-json\/wp\/v2\/pages\/1394\/revisions"}],"predecessor-version":[{"id":3707,"href":"https:\/\/www.enac.unam.mx\/wordpress\/wp-json\/wp\/v2\/pages\/1394\/revisions\/3707"}],"wp:attachment":[{"href":"https:\/\/www.enac.unam.mx\/wordpress\/wp-json\/wp\/v2\/media?parent=1394"}],"curies":[{"name":"wp","href":"https:\/\/api.w.org\/{rel}","templated":true}]}}