{"id":3073,"date":"2025-10-22T12:39:01","date_gmt":"2025-10-22T18:39:01","guid":{"rendered":"https:\/\/www.enac.unam.mx\/wordpress\/?page_id=3073"},"modified":"2025-10-27T15:35:18","modified_gmt":"2025-10-27T21:35:18","slug":"festival-anima-enac","status":"publish","type":"page","link":"https:\/\/www.enac.unam.mx\/wordpress\/festival-anima-enac\/","title":{"rendered":"Festival \u00c1nima ENAC"},"content":{"rendered":"\n<div class=\"wp-block-uagb-container uagb-block-1d2970f6 alignfull uagb-is-root-container\"><div class=\"uagb-container-inner-blocks-wrap\">\n<div class=\"wp-block-uagb-advanced-heading uagb-block-ed72bca9\"><h2 class=\"uagb-heading-text\">Festival Anima ENAC<\/h2><\/div>\n<\/div><\/div>\n\n\n\n<div style=\"height:50px\" aria-hidden=\"true\" class=\"wp-block-spacer\"><\/div>\n\n\n\n<!-- LANDING: Festival \u00c1nima_ENAC (ENAC) -->\n<div id=\"landing-anima-enac\" class=\"anima-wrap\">\n\n  <style>\n    \/* Ajustes locales para los recuadros y pastillas (no altera el resto del sitio) *\/\n    #landing-anima-enac .program-card{background:#fff;border:1px solid #e6e6e6;border-radius:14px;padding:1.25rem 1.5rem;margin:1.25rem 0;box-shadow:0 1px 2px rgba(0,0,0,.04)}\n    #landing-anima-enac .h2{font-size:1.9rem;line-height:1.2;margin:0 0 .25rem 0}\n    #landing-anima-enac .gold-line{height:2px;background:#ac965a;margin:.5rem 0 1rem 0}\n    #landing-anima-enac details.pill>summary{display:inline-block;cursor:pointer;font-weight:600;border:1px solid #ac965a;border-radius:999px;padding:.35rem .75rem;user-select:none}\n    #landing-anima-enac details.pill[open]>summary{background:#ac965a;color:#fff}\n    #landing-anima-enac details.pill .pill-content{padding:1rem 0 0 0}\n    #landing-anima-enac hr.gold{border:0;border-top:1px solid #e6e6e6;margin:1.25rem 0}\n    #landing-anima-enac .meta{font-weight:700}\n    #landing-anima-enac .cta{gap:.5rem;display:flex;flex-wrap:wrap}\n    #landing-anima-enac .btn.btn--black{background:#000;color:#fff;padding:10px 20px;border-radius:0;border:0;display:inline-block;text-decoration:none;line-height:1.2;font-weight:700}\n    #landing-anima-enac .btn.btn--black:hover{background:#fff;color:#0033a0;border:1.5px solid #0033a0;outline:0}\n    #landing-anima-enac .hero-video{width:100%;max-width:1080px;max-height:420px;aspect-ratio:16\/9;object-fit:cover;object-position:center;border-radius:6px;margin:.75rem auto 1.25rem auto;display:block}\n    #landing-anima-enac ol.film-list{margin:0;padding-left:1.25rem}\n    #landing-anima-enac ol.film-list li{margin:0 0 .9rem 0}\n    #landing-anima-enac .film-title{font-weight:700}\n  <\/style>\n\n  <!-- HERO: GIF horizontal justo arriba de los recuadros -->\n  <section id=\"inicio\" class=\"sec hero\">\n    <div class=\"inner\">\n           <p class=\"sub\">Actividades presenciales \u00b7 Sala Manuel Gonz\u00e1lez Casanova \u00b7 17:00\u201319:00 h<\/p>\n      <div class=\"cta\">\n        <a class=\"btn btn--black\" href=\"https:\/\/www.enac.unam.mx\/wordpress\/wp-content\/uploads\/2025\/10\/Programa-General-Festival-Anima_ENAC.pdf\" target=\"_blank\" rel=\"noopener\">Descargar programa (PDF)<\/a>\n        <a class=\"btn btn--black\" href=\"https:\/\/www.enac.unam.mx\/wordpress\/wp-content\/uploads\/2025\/10\/Semblanzas-Festival-Anima_ENAC.pdf\" target=\"_blank\" rel=\"noopener\">Semblanzas (PDF)<\/a>\n      <\/div>\n    <\/div>\n\n    <!-- GIF del h\u00e9roe (formato horizontal, ligero) -->\n    <img decoding=\"async\" class=\"hero-video lazyload\" data-src=\"https:\/\/www.enac.unam.mx\/wordpress\/wp-content\/uploads\/2025\/10\/ANIMA-ENAC-1024x600-1.gif\" alt=\"Festival \u00c1nima_ENAC - animaci\u00f3n\" src=\"data:image\/svg+xml;base64,PHN2ZyB3aWR0aD0iMSIgaGVpZ2h0PSIxIiB4bWxucz0iaHR0cDovL3d3dy53My5vcmcvMjAwMC9zdmciPjwvc3ZnPg==\" style=\"--smush-placeholder-width: 1024px; --smush-placeholder-aspect-ratio: 1024\/600;\" \/>\n  <\/section>\n\n  <!-- PROGRAMA: tres recuadros en una sola columna -->\n  <section id=\"programa\" class=\"sec\">\n    <div class=\"inner\">\n\n      <!-- Recuadro 1: 28 de octubre -->\n      <article id=\"d-28oct\" class=\"program-card\">\n        <h2 class=\"h2\"><strong>28 de octubre<\/strong><\/h2>\n        <div class=\"gold-line\"><\/div>\n        <p class=\"meta\">17:00\u201319:00 h<\/p>\n        <p><strong>Mesa de debate:<\/strong> \u00bfExiste una industria de la animaci\u00f3n en M\u00e9xico?<\/p>\n        <p><strong>Participantes:<\/strong> Andr\u00e9s Palma \u00b7 Benito Fern\u00e1ndez \u00b7 Karen Acosta (Viajera) \u00b7 Eduardo Rivas<\/p>\n\n        <!-- Toggle de semblanzas (pastilla) -->\n        <details class=\"pill\">\n          <summary>Semblanzas<\/summary>\n          <div class=\"pill-content\">\n            <h4><strong>Karen Acosta \u201cViajera\u201d<\/strong><\/h4>\n            <p>Guionista con m\u00e1s de 10 a\u00f1os de experiencia, especializada en animaci\u00f3n. Ha escrito para Amazon, Paramount, Hulu, Nickelodeon y Cartoon Network, entre otros. Gan\u00f3 plata en los Collision Awards 2025 por la campa\u00f1a \u201cTenemos que hablar\u201d, nominada tambi\u00e9n a Premios Quirino y Annecy. Desarrolla el largometraje <em>La \u00faltima ola<\/em> y la serie <em>Tacubaya<\/em> (Cartoon Network).<\/p>\n\n            <h4><strong>Benito Fern\u00e1ndez<\/strong><\/h4>\n            <p>Cineasta y director de animaci\u00f3n con 30 a\u00f1os de trayectoria. Trabajos: <em>La Pandilla Telmex<\/em>, <em>Sabel Redenci\u00f3n<\/em>, <em>Brijes 3D<\/em> y <em>Uma y Haggen<\/em> \u2014Ariel 2025 a Mejor Largometraje Animado\u2014. Apuesta por animaci\u00f3n tradicional en papel. Produce en Ithrax (CDMX) y prepara la secuela de <em>Uma y Haggen<\/em>.<\/p>\n\n            <h4><strong>Andr\u00e9s Palma<\/strong><\/h4>\n            <p>Artista y supervisor de VFX con m\u00e1s de dos d\u00e9cadas en cine, animaci\u00f3n y publicidad. Nominado al Ariel por VFX en <em>Las Tinieblas<\/em> (2017). Dirigi\u00f3 <em>Fulgores<\/em>, Ariel 2025 a Mejor Corto Animado. Fue socio estrat\u00e9gico de Technicolor\/MPC en LATAM y dirigi\u00f3 Escena Animation Studio. Desarrolla dos largometrajes animados.<\/p>\n\n            <h4><strong>Eduardo Rivas<\/strong><\/h4>\n            <p>Animador, docente y productor (18 a\u00f1os). Ha trabajado en Bento Box, \u00c1nima Estudios, Fotos\u00edntesis Media, Animex, Once Ni\u00f1os, entre otros. Particip\u00f3 en <em>La familia del Barrio<\/em>, <em>El Chavo animado<\/em>, <em>Villanos<\/em> y <em>Grimsburg<\/em>. Productor de <em>Dalia sigue aqu\u00ed<\/em> \u2014Ariel 2020\u2014; particip\u00f3 en <em>La leyenda de la Nahuala<\/em> y <em>Un disfraz para Nicol\u00e1s<\/em> (Ariel a Mejor Pel\u00edcula Animada).<\/p>\n          <\/div>\n        <\/details>\n      <\/article>\n\n      <hr class=\"gold\" \/>\n\n      <!-- Recuadro 2: 29 de octubre (mi\u00e9rcoles) -->\n      <article id=\"d-29oct\" class=\"program-card\">\n        <h2 class=\"h2\"><strong>29 de octubre<\/strong><\/h2>\n        <div class=\"gold-line\"><\/div>\n        <p class=\"meta\">17:00\u201319:00 h<\/p>\n        <p><strong>Muestra F\u00edlmica de Animaci\u00f3n \u201cMundos Internos\u201d.<\/strong><\/p>\n        <p>Con el apoyo del Festival Internacional de Cine Etiuda &amp; Anima (Cracovia, Polonia).<\/p>\n        <p>Selecci\u00f3n de cortos animados de los \u00faltimos 10 a\u00f1os del Festival.<\/p>\n        <p><strong>Presenta:<\/strong> Paulina Zi\u00f3\u0142kowska<\/p>\n\n        <!-- Toggle de informaci\u00f3n ampliada de la Muestra -->\n        <details class=\"pill\">\n          <summary>Sobre la Muestra \u201cMundos Internos\u201d<\/summary>\n          <div class=\"pill-content\">\n            <p><strong>Etiuda &amp; Anima (Cracovia, Polonia)<\/strong> es un festival referente en Europa (desde 1994) por su di\u00e1logo entre formaci\u00f3n art\u00edstica y animaci\u00f3n de autor. Re\u00fane obras estudiantiles de escuelas de cine\/arte del mundo con cine de animaci\u00f3n art\u00edstica emergente y consolidada, e impulsa talleres de guion, direcci\u00f3n, fotograf\u00eda, montaje y animaci\u00f3n con cineastas y docentes reconocidos. Su presentaci\u00f3n en la ENAC, dentro de \u00c1nima_ENAC, refuerza el intercambio acad\u00e9mico y art\u00edstico entre M\u00e9xico y Polonia.<\/p>\n          <\/div>\n        <\/details>\n\n        <!-- Toggle de semblanza de la presentadora -->\n        <details class=\"pill\">\n          <summary>Semblanza \u00b7 Paulina Zi\u00f3\u0142kowska<\/summary>\n          <div class=\"pill-content\">\n            <p>Directora polaca, animadora 2D e ilustradora. Estudi\u00f3 en la Escuela de Cine de Lodz y en Filmuniversity Babelsberg. <em>Oh Mother!<\/em> (2017) y <em>Bless you!<\/em> (2018) recorrieron festivales y obtuvieron premios; esta \u00faltima recibi\u00f3 menci\u00f3n especial en la Berlinale 68 y en AnimaFest Zagreb. Ha estado en Clermont-Ferrand, Annecy, Ottawa, Stuttgart, BOGOSHORTS, entre otros. Residencias: Fontevraud y TAIS (Toronto).<\/p>\n          <\/div>\n        <\/details>\n\n        <!-- Toggle del PROGRAMA completo de cortometrajes -->\n        <details class=\"pill\">\n          <summary>Programa \u00b7 Polish shorts \u2013 Mundos Internos<\/summary>\n          <div class=\"pill-content\">\n            <ol class=\"film-list\">\n              <li>\n                <p><span class=\"film-title\">Kwadratura Ko\u0142a \/ Cuadrar el c\u00edrculo<\/span> (2018, 5 min) \u2014 Dir. Karolina Specht \u00b7 Escuela de Cine de \u0141\u00f3d\u017a (Polonia).<\/p>\n                <p><em>Sinopsis:<\/em> Parece que CUADRADO vive entre el caos y los peque\u00f1os cambios\u2026 hasta que un nuevo elemento irrumpe en el patr\u00f3n y le permite mirar la realidad de otra manera. Historia semiabstracta sobre un sentimiento imposible.<\/p>\n              <\/li>\n              <li>\n                <p><span class=\"film-title\">Wizyta \/ La visita<\/span> (2021, 7 min) \u2014 Dir. Mateusz Jarmulski \u00b7 Animoon (Polonia).<\/p>\n                <p><em>Sinopsis:<\/em> En la selva africana, un chimpanc\u00e9 huye de cazadores y entra a una villa colonial. Al dejar su entorno natural, se enfrentar\u00e1 a una elecci\u00f3n crucial: \u00bfd\u00f3nde comienza la humanidad?<\/p>\n              <\/li>\n              <li>\n                <p><span class=\"film-title\">Zima \/ Invierno<\/span> (2024, 26 min) \u2014 Dir. Tomek Popakul &amp; Kasumi Ozeki \u00b7 Yellow Tapir Films (Polonia).<\/p>\n                <p><em>Sinopsis:<\/em> Retrato en mosaico de un pueblo pesquero donde lo no dicho emerge como una grieta en el hielo. Realismo m\u00e1gico sobre soledad y comunidad.<\/p>\n              <\/li>\n              <li>\n                <p><span class=\"film-title\">Krab \/ Cangrejo<\/span> (2022, 8 min) \u2014 Dir. Piotr Chmielewski \u00b7 WJTeam (Polonia).<\/p>\n                <p><em>Sinopsis:<\/em> Desde la perspectiva de un cangrejo, observamos mundos paralelos al humano. \u00bfQu\u00e9 pasar\u00eda si vi\u00e9ramos la Historia a trav\u00e9s de los ojos de los animales que la presenciaron?<\/p>\n              <\/li>\n              <li>\n                <p><span class=\"film-title\">Koniunkcja \/ Desalineados<\/span> (2022, 6:55 min) \u2014 Dir. Marta Magnuska \u00b7 Animoon (Polonia).<\/p>\n                <p><em>Sinopsis:<\/em> Un hombre y una mujer, un gecko y unas moscas; microcosmos que se aceleran e interact\u00faan r\u00edtmicamente como parte de un orden c\u00f3smico.<\/p>\n              <\/li>\n              <li>\n                <p><span class=\"film-title\">Ziemniaki \/ Patatas<\/span> (2023, 4:39 min) \u2014 Dir. Marcin Podolec \u00b7 Yellow Tapir Films (Polonia).<\/p>\n                <p><em>Sinopsis:<\/em> Breve historia, dibujada con mano temblorosa, sobre una relaci\u00f3n intergeneracional y el acto de soltar.<\/p>\n              <\/li>\n              <li>\n                <p><span class=\"film-title\">Momo i Lulu \/ Momo y Lulu<\/span> (2023, 9:26 min) \u2014 Dir. Anita Kwiatkowska-Naqvi \u00b7 Studio Munka (Polonia).<\/p>\n                <p><em>Sinopsis:<\/em> Animaci\u00f3n en plastilina sobre un amor imposible entre dos diminutas criaturas marinas que se encuentran en una danza ef\u00edmera.<\/p>\n              <\/li>\n              <li>\n                <p><span class=\"film-title\">Tadaima<\/span> (2024, 5 min) \u2014 Dir. Marysia Lenarcik \u00b7 Universidad Pedag\u00f3gica de Cracovia (Polonia).<\/p>\n                <p><em>Sinopsis:<\/em> Inspirada en Natsume S\u014dseki: viaje surrealista por necesidades, miedos y emociones; enfrentamiento con los dilemas internos y regreso a la realidad.<\/p>\n              <\/li>\n              <li>\n                <p><span class=\"film-title\">Yoko<\/span> (2024, 15 min) \u2014 Dir. Izabela Pluci\u0144ska \u00b7 Animoon \/ MAUR film (Polonia \/ Rep\u00fablica Checa \/ Alemania).<\/p>\n                <p><em>Sinopsis:<\/em> Joven obrero termina transportando sobre su espalda a un misterioso pasajero. F\u00e1bula grotesca sobre explotaci\u00f3n y dominaci\u00f3n, con humor absurdo y macabro.<\/p>\n              <\/li>\n            <\/ol>\n          <\/div>\n        <\/details>\n      <\/article>\n\n      <hr class=\"gold\" \/>\n\n      <!-- Recuadro 3: 30 de octubre -->\n      <article id=\"d-30oct\" class=\"program-card\">\n        <h2 class=\"h2\"><strong>30 de octubre<\/strong><\/h2>\n        <div class=\"gold-line\"><\/div>\n        <p class=\"meta\">17:00\u201319:00 h<\/p>\n        <p><strong>Mesa de debate:<\/strong> Mundos en movimiento: la animaci\u00f3n mexicana frente a sus nuevos desaf\u00edos<\/p>\n        <p><strong>Participantes:<\/strong> Guadalupe S\u00e1nchez Sosa \u00b7 Jorge Villalobos (Onder) \u00b7 Ra\u00fal \u201cRobin\u201d Morales<\/p>\n\n        <!-- Toggle de semblanzas (pastilla) -->\n        <details class=\"pill\">\n          <summary>Semblanzas<\/summary>\n          <div class=\"pill-content\">\n            <h4><strong>Guadalupe S\u00e1nchez Sosa<\/strong><\/h4>\n            <p>Artista visual egresada de \u201cSan Carlos\u201d (FAD). Integrante del Colectivo Cine Mujer. Ha realizado documental, animaci\u00f3n, direcci\u00f3n de arte e ilustraci\u00f3n. Ariel a Direcci\u00f3n de Arte por <em>Perfume de Violetas<\/em>; Pantalla de Cristal por <em>Bajo los Escombros<\/em>. Dirigi\u00f3 <em>\u00bfY si eres mujer?<\/em> y <em>Ni\u00f1o de mis ojos<\/em>; en documental, <em>La Primera Sonrisa<\/em>. Su m\u00e1s reciente largo, <em>Mi Piel Oculta<\/em>, aborda historias corporales m\u00e1s all\u00e1 de lo femenino\/masculino.<\/p>\n\n            <h4><strong>Jorge Villalobos \u201cOnder\u201d<\/strong><\/h4>\n            <p>Director, guionista y productor de cortos, series y largometrajes (ficci\u00f3n, documental y animaci\u00f3n). Sus proyectos han ido a m\u00e1s de 60 festivales y han ganado ~30 premios. En TV p\u00fablica (Canal Once) dirigi\u00f3 en <em>El Div\u00e1n de Valentina<\/em> y <em>Bizbirije<\/em>. Cofundador de Brinca Taller; su largo documental animado <em>Home is Somewhere Else<\/em> gan\u00f3 el Ariel 2023. Desarrolla <em>El gigante y la bailarina<\/em> y produce <em>So\u00f1ar con Momo<\/em>.<\/p>\n\n            <h4><strong>Ra\u00fal \u201cRobin\u201d Morales<\/strong><\/h4>\n            <p>Autor, dise\u00f1ador, ilustrador, m\u00fasico y cineasta; incluido por FORBES entre los \u201c100 mexicanos m\u00e1s creativos\u201d. Obras: <em>El Trompetista<\/em> (2012), <em>Amicus<\/em> (2014), <em>Las piezas del rompecabezas<\/em> (2016). <em>El tigre sin rayas<\/em> (2018) recorri\u00f3 120+ festivales y fue elegible al Oscar 2021. En 2021\u20132022 dirigi\u00f3 <em>Agua<\/em> (prod. Diego Luna y Jorge Guti\u00e9rrez). Miembro del Sistema Nacional de Creadores.<\/p>\n          <\/div>\n        <\/details>\n      <\/article>\n\n    <\/div>\n  <\/section>\n\n<\/div>\n","protected":false},"excerpt":{"rendered":"<p>Festival Anima ENAC Actividades presenciales \u00b7 Sala Manuel Gonz\u00e1lez Casanova \u00b7 17:00\u201319:00 h Descargar programa (PDF) Semblanzas (PDF) 28 de [&hellip;]<\/p>\n","protected":false},"author":1,"featured_media":0,"parent":0,"menu_order":0,"comment_status":"closed","ping_status":"closed","template":"","meta":{"_uag_custom_page_level_css":"","site-sidebar-layout":"default","site-content-layout":"","ast-site-content-layout":"default","site-content-style":"default","site-sidebar-style":"default","ast-global-header-display":"","ast-banner-title-visibility":"","ast-main-header-display":"","ast-hfb-above-header-display":"","ast-hfb-below-header-display":"","ast-hfb-mobile-header-display":"","site-post-title":"disabled","ast-breadcrumbs-content":"","ast-featured-img":"","footer-sml-layout":"","ast-disable-related-posts":"","theme-transparent-header-meta":"","adv-header-id-meta":"","stick-header-meta":"","header-above-stick-meta":"","header-main-stick-meta":"","header-below-stick-meta":"","astra-migrate-meta-layouts":"set","ast-page-background-enabled":"default","ast-page-background-meta":{"desktop":{"background-color":"var(--ast-global-color-4)","background-image":"","background-repeat":"repeat","background-position":"center center","background-size":"auto","background-attachment":"scroll","background-type":"","background-media":"","overlay-type":"","overlay-color":"","overlay-opacity":"","overlay-gradient":""},"tablet":{"background-color":"","background-image":"","background-repeat":"repeat","background-position":"center center","background-size":"auto","background-attachment":"scroll","background-type":"","background-media":"","overlay-type":"","overlay-color":"","overlay-opacity":"","overlay-gradient":""},"mobile":{"background-color":"","background-image":"","background-repeat":"repeat","background-position":"center center","background-size":"auto","background-attachment":"scroll","background-type":"","background-media":"","overlay-type":"","overlay-color":"","overlay-opacity":"","overlay-gradient":""}},"ast-content-background-meta":{"desktop":{"background-color":"var(--ast-global-color-5)","background-image":"","background-repeat":"repeat","background-position":"center center","background-size":"auto","background-attachment":"scroll","background-type":"","background-media":"","overlay-type":"","overlay-color":"","overlay-opacity":"","overlay-gradient":""},"tablet":{"background-color":"var(--ast-global-color-5)","background-image":"","background-repeat":"repeat","background-position":"center center","background-size":"auto","background-attachment":"scroll","background-type":"","background-media":"","overlay-type":"","overlay-color":"","overlay-opacity":"","overlay-gradient":""},"mobile":{"background-color":"var(--ast-global-color-5)","background-image":"","background-repeat":"repeat","background-position":"center center","background-size":"auto","background-attachment":"scroll","background-type":"","background-media":"","overlay-type":"","overlay-color":"","overlay-opacity":"","overlay-gradient":""}},"footnotes":""},"class_list":["post-3073","page","type-page","status-publish","hentry"],"uagb_featured_image_src":{"full":false,"thumbnail":false,"medium":false,"medium_large":false,"large":false,"thumblist":false,"thumbrelated":false,"meccarouselthumb":false,"gridsquare":false,"tileview":false,"1536x1536":false,"2048x2048":false},"uagb_author_info":{"display_name":"pruebasenac","author_link":"https:\/\/www.enac.unam.mx\/wordpress\/author\/pruebasenac\/"},"uagb_comment_info":0,"uagb_excerpt":"Festival Anima ENAC Actividades presenciales \u00b7 Sala Manuel Gonz\u00e1lez Casanova \u00b7 17:00\u201319:00 h Descargar programa (PDF) Semblanzas (PDF) 28 de [&hellip;]","_links":{"self":[{"href":"https:\/\/www.enac.unam.mx\/wordpress\/wp-json\/wp\/v2\/pages\/3073","targetHints":{"allow":["GET"]}}],"collection":[{"href":"https:\/\/www.enac.unam.mx\/wordpress\/wp-json\/wp\/v2\/pages"}],"about":[{"href":"https:\/\/www.enac.unam.mx\/wordpress\/wp-json\/wp\/v2\/types\/page"}],"author":[{"embeddable":true,"href":"https:\/\/www.enac.unam.mx\/wordpress\/wp-json\/wp\/v2\/users\/1"}],"replies":[{"embeddable":true,"href":"https:\/\/www.enac.unam.mx\/wordpress\/wp-json\/wp\/v2\/comments?post=3073"}],"version-history":[{"count":6,"href":"https:\/\/www.enac.unam.mx\/wordpress\/wp-json\/wp\/v2\/pages\/3073\/revisions"}],"predecessor-version":[{"id":3145,"href":"https:\/\/www.enac.unam.mx\/wordpress\/wp-json\/wp\/v2\/pages\/3073\/revisions\/3145"}],"wp:attachment":[{"href":"https:\/\/www.enac.unam.mx\/wordpress\/wp-json\/wp\/v2\/media?parent=3073"}],"curies":[{"name":"wp","href":"https:\/\/api.w.org\/{rel}","templated":true}]}}