{"id":3251,"date":"2025-11-12T18:41:26","date_gmt":"2025-11-13T00:41:26","guid":{"rendered":"https:\/\/www.enac.unam.mx\/wordpress\/?page_id=3251"},"modified":"2025-11-12T18:43:09","modified_gmt":"2025-11-13T00:43:09","slug":"protocolos-de-seguridad","status":"publish","type":"page","link":"https:\/\/www.enac.unam.mx\/wordpress\/protocolos-de-seguridad\/","title":{"rendered":"Protocolos de seguridad"},"content":{"rendered":"\n<div class=\"wp-block-uagb-container uagb-block-1d2970f6 alignfull uagb-is-root-container\"><div class=\"uagb-container-inner-blocks-wrap\">\n<div class=\"wp-block-uagb-advanced-heading uagb-block-ed72bca9\"><h2 class=\"uagb-heading-text\">Protocolos de actuaci\u00f3n y seguridad<\/h2><\/div>\n<\/div><\/div>\n\n\n\n<div style=\"height:50px\" aria-hidden=\"true\" class=\"wp-block-spacer\"><\/div>\n\n\n\n<!-- SECCI\u00d3N: Protocolos ENAC -->\n<section class=\"enac-formatos-wrap\">\n  <h2>Consulta los protocolos:<\/h2>\n  <hr class=\"enac-goldline\">\n\n  <div class=\"enac-formatos\">\n    <!-- 1 -->\n    <article class=\"formato-item\">\n      <h3>Plan de emergencia y evacuaci\u00f3n en la ENAC (agosto 2025)<\/h3>\n      <div class=\"formato-actions\">\n        <a class=\"link-consulta\" href=\"https:\/\/www.enac.unam.mx\/wordpress\/wp-content\/uploads\/2025\/11\/1.-Plan-de-emergencia-y-evacuacion-en-la-ENAC-agosto-2025.pdf\" target=\"_blank\" rel=\"noopener\">Consultar en l\u00ednea (PDF)<\/a>\n        <a class=\"btn-enac btn-sm\" href=\"https:\/\/www.enac.unam.mx\/wordpress\/wp-content\/uploads\/2025\/11\/1.-Plan-de-emergencia-y-evacuacion-en-la-ENAC-agosto-2025.pdf\" download>Descargar PDF<\/a>\n      <\/div>\n    <\/article>\n\n    <!-- 2 -->\n    <article class=\"formato-item\">\n      <h3>Protocolo para el retorno a las actividades universitarias en la ENAC<\/h3>\n      <div class=\"formato-actions\">\n        <a class=\"link-consulta\" href=\"https:\/\/www.enac.unam.mx\/wordpress\/wp-content\/uploads\/2025\/11\/2.-Protocolo-para-el-retorno-a-las-actividades-universitarias-en-la-ENAC.pdf\" target=\"_blank\" rel=\"noopener\">Consultar en l\u00ednea (PDF)<\/a>\n        <a class=\"btn-enac btn-sm\" href=\"https:\/\/www.enac.unam.mx\/wordpress\/wp-content\/uploads\/2025\/11\/2.-Protocolo-para-el-retorno-a-las-actividades-universitarias-en-la-ENAC.pdf\" download>Descargar PDF<\/a>\n      <\/div>\n    <\/article>\n\n    <!-- 3 -->\n    <article class=\"formato-item\">\n      <h3>Protocolo ENAC \u2014 Casos COVID-19<\/h3>\n      <div class=\"formato-actions\">\n        <a class=\"link-consulta\" href=\"https:\/\/www.enac.unam.mx\/wordpress\/wp-content\/uploads\/2025\/11\/3.-Protocolo-ENAC-Casos-COVID19.pdf\" target=\"_blank\" rel=\"noopener\">Consultar en l\u00ednea (PDF)<\/a>\n        <a class=\"btn-enac btn-sm\" href=\"https:\/\/www.enac.unam.mx\/wordpress\/wp-content\/uploads\/2025\/11\/3.-Protocolo-ENAC-Casos-COVID19.pdf\" download>Descargar PDF<\/a>\n      <\/div>\n    <\/article>\n\n    <!-- 4 -->\n    <article class=\"formato-item\">\n      <h3>Protocolo sismo ENAC 2025<\/h3>\n      <div class=\"formato-actions\">\n        <a class=\"link-consulta\" href=\"https:\/\/www.enac.unam.mx\/wordpress\/wp-content\/uploads\/2025\/11\/4.-Protocolo-sismo-ENAC-2025.pdf\" target=\"_blank\" rel=\"noopener\">Consultar en l\u00ednea (PDF)<\/a>\n        <a class=\"btn-enac btn-sm\" href=\"https:\/\/www.enac.unam.mx\/wordpress\/wp-content\/uploads\/2025\/11\/4.-Protocolo-sismo-ENAC-2025.pdf\" download>Descargar PDF<\/a>\n      <\/div>\n    <\/article>\n\n    <!-- 5 -->\n    <article class=\"formato-item\">\n      <h3>Protocolo incendio ENAC 2025<\/h3>\n      <div class=\"formato-actions\">\n        <a class=\"link-consulta\" href=\"https:\/\/www.enac.unam.mx\/wordpress\/wp-content\/uploads\/2025\/11\/5.-Protocolo-incendio-ENAC-2025.pdf\" target=\"_blank\" rel=\"noopener\">Consultar en l\u00ednea (PDF)<\/a>\n        <a class=\"btn-enac btn-sm\" href=\"https:\/\/www.enac.unam.mx\/wordpress\/wp-content\/uploads\/2025\/11\/5.-Protocolo-incendio-ENAC-2025.pdf\" download>Descargar PDF<\/a>\n      <\/div>\n    <\/article>\n\n    <!-- 6 -->\n    <article class=\"formato-item\">\n      <h3>Protocolo fuga de gas LP ENAC 2025<\/h3>\n      <div class=\"formato-actions\">\n        <a class=\"link-consulta\" href=\"https:\/\/www.enac.unam.mx\/wordpress\/wp-content\/uploads\/2025\/11\/6.-Protocolo-fuga-de-gas-LP-ENAC-2025.pdf\" target=\"_blank\" rel=\"noopener\">Consultar en l\u00ednea (PDF)<\/a>\n        <a class=\"btn-enac btn-sm\" href=\"https:\/\/www.enac.unam.mx\/wordpress\/wp-content\/uploads\/2025\/11\/6.-Protocolo-fuga-de-gas-LP-ENAC-2025.pdf\" download>Descargar PDF<\/a>\n      <\/div>\n    <\/article>\n\n    <!-- 7 -->\n    <article class=\"formato-item\">\n      <h3>Protocolo persona no localizada ENAC 2025<\/h3>\n      <div class=\"formato-actions\">\n        <a class=\"link-consulta\" href=\"https:\/\/www.enac.unam.mx\/wordpress\/wp-content\/uploads\/2025\/11\/7.-Protocolo-persona-no-localizada-ENAC-2025.pdf\" target=\"_blank\" rel=\"noopener\">Consultar en l\u00ednea (PDF)<\/a>\n        <a class=\"btn-enac btn-sm\" href=\"https:\/\/www.enac.unam.mx\/wordpress\/wp-content\/uploads\/2025\/11\/7.-Protocolo-persona-no-localizada-ENAC-2025.pdf\" download>Descargar PDF<\/a>\n      <\/div>\n    <\/article>\n\n    <!-- 8 -->\n    <article class=\"formato-item\">\n      <h3>Protocolo agresi\u00f3n de grupos al exterior ENAC 2025<\/h3>\n      <div class=\"formato-actions\">\n        <a class=\"link-consulta\" href=\"https:\/\/www.enac.unam.mx\/wordpress\/wp-content\/uploads\/2025\/11\/8.-Protocolo-agresion-grupos-al-exterior-ENAC-2025.pdf\" target=\"_blank\" rel=\"noopener\">Consultar en l\u00ednea (PDF)<\/a>\n        <a class=\"btn-enac btn-sm\" href=\"https:\/\/www.enac.unam.mx\/wordpress\/wp-content\/uploads\/2025\/11\/8.-Protocolo-agresion-grupos-al-exterior-ENAC-2025.pdf\" download>Descargar PDF<\/a>\n      <\/div>\n    <\/article>\n\n    <!-- 9 -->\n    <article class=\"formato-item\">\n      <h3>Protocolo agresi\u00f3n de grupos al interior ENAC 2025<\/h3>\n      <div class=\"formato-actions\">\n        <a class=\"link-consulta\" href=\"https:\/\/www.enac.unam.mx\/wordpress\/wp-content\/uploads\/2025\/11\/9.-Protocolo-agresion-grupos-al-interior-ENAC-2025.pdf\" target=\"_blank\" rel=\"noopener\">Consultar en l\u00ednea (PDF)<\/a>\n        <a class=\"btn-enac btn-sm\" href=\"https:\/\/www.enac.unam.mx\/wordpress\/wp-content\/uploads\/2025\/11\/9.-Protocolo-agresion-grupos-al-interior-ENAC-2025.pdf\" download>Descargar PDF<\/a>\n      <\/div>\n    <\/article>\n\n    <!-- 10 -->\n    <article class=\"formato-item\">\n      <h3>Protocolo urgencia m\u00e9dica ENAC 2025<\/h3>\n      <div class=\"formato-actions\">\n        <a class=\"link-consulta\" href=\"https:\/\/www.enac.unam.mx\/wordpress\/wp-content\/uploads\/2025\/11\/10.-Protocolo-urgencia-medica-ENAC-2025.pdf\" target=\"_blank\" rel=\"noopener\">Consultar en l\u00ednea (PDF)<\/a>\n        <a class=\"btn-enac btn-sm\" href=\"https:\/\/www.enac.unam.mx\/wordpress\/wp-content\/uploads\/2025\/11\/10.-Protocolo-urgencia-medica-ENAC-2025.pdf\" download>Descargar PDF<\/a>\n      <\/div>\n    <\/article>\n\n    <!-- 11 -->\n    <article class=\"formato-item\">\n      <h3>Protocolo extorsi\u00f3n telef\u00f3nica ENAC 2025<\/h3>\n      <div class=\"formato-actions\">\n        <a class=\"link-consulta\" href=\"https:\/\/www.enac.unam.mx\/wordpress\/wp-content\/uploads\/2025\/11\/11.-Protocolo-extorsion-telefonica-ENAC-2025.pdf\" target=\"_blank\" rel=\"noopener\">Consultar en l\u00ednea (PDF)<\/a>\n        <a class=\"btn-enac btn-sm\" href=\"https:\/\/www.enac.unam.mx\/wordpress\/wp-content\/uploads\/2025\/11\/11.-Protocolo-extorsion-telefonica-ENAC-2025.pdf\" download>Descargar PDF<\/a>\n      <\/div>\n    <\/article>\n\n    <!-- 12 -->\n    <article class=\"formato-item\">\n      <h3>Protocolo artefacto explosivo ENAC 2025<\/h3>\n      <div class=\"formato-actions\">\n        <a class=\"link-consulta\" href=\"https:\/\/www.enac.unam.mx\/wordpress\/wp-content\/uploads\/2025\/11\/12.-Protocolo-artefacto-explosivo-ENAC-2025.pdf\" target=\"_blank\" rel=\"noopener\">Consultar en l\u00ednea (PDF)<\/a>\n        <a class=\"btn-enac btn-sm\" href=\"https:\/\/www.enac.unam.mx\/wordpress\/wp-content\/uploads\/2025\/11\/12.-Protocolo-artefacto-explosivo-ENAC-2025.pdf\" download>Descargar PDF<\/a>\n      <\/div>\n    <\/article>\n\n    <!-- 13 -->\n    <article class=\"formato-item\">\n      <h3>Protocolo autolesi\u00f3n o suicidio 2025<\/h3>\n      <div class=\"formato-actions\">\n        <a class=\"link-consulta\" href=\"https:\/\/www.enac.unam.mx\/wordpress\/wp-content\/uploads\/2025\/11\/13.-Protocolo-autolesion-o-suicidio-2025.pdf\" target=\"_blank\" rel=\"noopener\">Consultar en l\u00ednea (PDF)<\/a>\n        <a class=\"btn-enac btn-sm\" href=\"https:\/\/www.enac.unam.mx\/wordpress\/wp-content\/uploads\/2025\/11\/13.-Protocolo-autolesion-o-suicidio-2025.pdf\" download>Descargar PDF<\/a>\n      <\/div>\n    <\/article>\n\n    <!-- 14 -->\n    <article class=\"formato-item\">\n      <h3>Protocolo situaci\u00f3n de robo 2025<\/h3>\n      <div class=\"formato-actions\">\n        <a class=\"link-consulta\" href=\"https:\/\/www.enac.unam.mx\/wordpress\/wp-content\/uploads\/2025\/11\/14.-Protocolo-situacion-de-robo-2025.pdf\" target=\"_blank\" rel=\"noopener\">Consultar en l\u00ednea (PDF)<\/a>\n        <a class=\"btn-enac btn-sm\" href=\"https:\/\/www.enac.unam.mx\/wordpress\/wp-content\/uploads\/2025\/11\/14.-Protocolo-situacion-de-robo-2025.pdf\" download>Descargar PDF<\/a>\n      <\/div>\n    <\/article>\n\n    <!-- 15 -->\n    <article class=\"formato-item\">\n      <h3>Protocolo de presencia y uso de armas ENAC 2025<\/h3>\n      <div class=\"formato-actions\">\n        <a class=\"link-consulta\" href=\"https:\/\/www.enac.unam.mx\/wordpress\/wp-content\/uploads\/2025\/11\/15.-Protocolo-de-presencia-y-uso-de-armas-ENAC-2025.pdf\" target=\"_blank\" rel=\"noopener\">Consultar en l\u00ednea (PDF)<\/a>\n        <a class=\"btn-enac btn-sm\" href=\"https:\/\/www.enac.unam.mx\/wordpress\/wp-content\/uploads\/2025\/11\/15.-Protocolo-de-presencia-y-uso-de-armas-ENAC-2025.pdf\" download>Descargar PDF<\/a>\n      <\/div>\n    <\/article>\n\n    <!-- 16 -->\n    <article class=\"formato-item\">\n      <h3>Protocolo de robo en transporte p\u00fablico 2025<\/h3>\n      <div class=\"formato-actions\">\n        <a class=\"link-consulta\" href=\"https:\/\/www.enac.unam.mx\/wordpress\/wp-content\/uploads\/2025\/11\/16.-Protocolo-de-robo-en-transporte-publico-2025.pdf\" target=\"_blank\" rel=\"noopener\">Consultar en l\u00ednea (PDF)<\/a>\n        <a class=\"btn-enac btn-sm\" href=\"https:\/\/www.enac.unam.mx\/wordpress\/wp-content\/uploads\/2025\/11\/16.-Protocolo-de-robo-en-transporte-publico-2025.pdf\" download>Descargar PDF<\/a>\n      <\/div>\n    <\/article>\n\n    <!-- 17 -->\n    <article class=\"formato-item\">\n      <h3>Protocolo de amenaza por red social ENAC 2025<\/h3>\n      <div class=\"formato-actions\">\n        <a class=\"link-consulta\" href=\"https:\/\/www.enac.unam.mx\/wordpress\/wp-content\/uploads\/2025\/11\/17.-Protocolo-de-amenaza-por-red-social-ENAC-2025.pdf\" target=\"_blank\" rel=\"noopener\">Consultar en l\u00ednea (PDF)<\/a>\n        <a class=\"btn-enac btn-sm\" href=\"https:\/\/www.enac.unam.mx\/wordpress\/wp-content\/uploads\/2025\/11\/17.-Protocolo-de-amenaza-por-red-social-ENAC-2025.pdf\" download>Descargar PDF<\/a>\n      <\/div>\n    <\/article>\n\n    <!-- 18 -->\n    <article class=\"formato-item\">\n      <h3>Protocolo preservaci\u00f3n del lugar de los hechos il\u00edcitos ENAC 2025<\/h3>\n      <div class=\"formato-actions\">\n        <a class=\"link-consulta\" href=\"https:\/\/www.enac.unam.mx\/wordpress\/wp-content\/uploads\/2025\/11\/18.-Protocolo-preservacion-del-lugar-donde-se-efectuo-un-hecho-ilicito-ENAC-2025.pdf\" target=\"_blank\" rel=\"noopener\">Consultar en l\u00ednea (PDF)<\/a>\n        <a class=\"btn-enac btn-sm\" href=\"https:\/\/www.enac.unam.mx\/wordpress\/wp-content\/uploads\/2025\/11\/18.-Protocolo-preservacion-del-lugar-donde-se-efectuo-un-hecho-ilicito-ENAC-2025.pdf\" download>Descargar PDF<\/a>\n      <\/div>\n    <\/article>\n\n    <!-- 19 -->\n    <article class=\"formato-item\">\n      <h3>Protocolo de actuaci\u00f3n en festivales y eventos en instalaciones de la ENAC 2025<\/h3>\n      <div class=\"formato-actions\">\n        <a class=\"link-consulta\" href=\"https:\/\/www.enac.unam.mx\/wordpress\/wp-content\/uploads\/2025\/11\/19.-Protocolo-actuacion-en-festivales-y-eventos-en-las-instalaciones-de-la-ENAC-2025.pdf\" target=\"_blank\" rel=\"noopener\">Consultar en l\u00ednea (PDF)<\/a>\n        <a class=\"btn-enac btn-sm\" href=\"https:\/\/www.enac.unam.mx\/wordpress\/wp-content\/uploads\/2025\/11\/19.-Protocolo-actuacion-en-festivales-y-eventos-en-las-instalaciones-de-la-ENAC-2025.pdf\" download>Descargar PDF<\/a>\n      <\/div>\n    <\/article>\n\n    <!-- 20 -->\n    <article class=\"formato-item\">\n      <h3>Protocolo tormentas torrenciales e inundaciones ENAC 2025<\/h3>\n      <div class=\"formato-actions\">\n        <a class=\"link-consulta\" href=\"https:\/\/www.enac.unam.mx\/wordpress\/wp-content\/uploads\/2025\/11\/20.-Protocolo-tormentas-torrenciales-e-inundaciones-ENAC-2025.pdf\" target=\"_blank\" rel=\"noopener\">Consultar en l\u00ednea (PDF)<\/a>\n        <a class=\"btn-enac btn-sm\" href=\"https:\/\/www.enac.unam.mx\/wordpress\/wp-content\/uploads\/2025\/11\/20.-Protocolo-tormentas-torrenciales-e-inundaciones-ENAC-2025.pdf\" download>Descargar PDF<\/a>\n      <\/div>\n    <\/article>\n\n    <!-- 21 -->\n    <article class=\"formato-item\">\n      <h3>Protocolo de actuaci\u00f3n en contingencia volc\u00e1nica (Popocat\u00e9petl) ENAC 2025<\/h3>\n      <div class=\"formato-actions\">\n        <a class=\"link-consulta\" href=\"https:\/\/www.enac.unam.mx\/wordpress\/wp-content\/uploads\/2025\/11\/21.-Protocolo-de-actuacion-en-contingencia-volcanica-Popocatepetl-ENAC-2025.pdf\" target=\"_blank\" rel=\"noopener\">Consultar en l\u00ednea (PDF)<\/a>\n        <a class=\"btn-enac btn-sm\" href=\"https:\/\/www.enac.unam.mx\/wordpress\/wp-content\/uploads\/2025\/11\/21.-Protocolo-de-actuacion-en-contingencia-volcanica-Popocatepetl-ENAC-2025.pdf\" download>Descargar PDF<\/a>\n      <\/div>\n    <\/article>\n  <\/div>\n<\/section>\n\n<style>\n\/* L\u00ednea dorada ENAC *\/\n.enac-goldline{border:0;height:1.5px;background:#ac965a;width:100%;margin:6px 0 16px;}\n\/* Tipograf\u00eda y tama\u00f1os m\u00e1s contenidos SOLO dentro del bloque *\/\n.enac-formatos-wrap h2{font-size:1.6rem; line-height:1.25; margin:0;}\n.enac-formatos-wrap h3{font-size:1.125rem; line-height:1.3; margin:0 0 6px; font-weight:700;}\n\/* Listado y separaci\u00f3n *\/\n.enac-formatos{display:block;}\n.formato-item{padding:12px 0; border-bottom:1px solid #e8e8e8;}\n.formato-item:last-child{border-bottom:none;}\n.formato-actions{display:flex; flex-wrap:wrap; gap:8px; align-items:center;}\n\/* Enlace de consulta discreto *\/\n.link-consulta{text-decoration:underline; font-weight:500; opacity:.9; margin-right:6px;}\n\/* Bot\u00f3n ENAC (tama\u00f1o compacto) *\/\n.btn-enac{\n  display:inline-block; background:#000; color:#fff; border:1px solid #000; border-radius:0;\n  padding:10px 14px; font-weight:600; text-decoration:none; transition:all .15s ease;\n}\n.btn-enac:hover{background:#fff; color:#0a3a8e; border-color:#0a3a8e;}\n.btn-enac.btn-sm{padding:8px 12px; font-size:.95rem;}\n\/* Responsivo *\/\n@media (max-width: 640px){\n  .enac-formatos-wrap h2{font-size:1.4rem;}\n  .enac-formatos-wrap h3{font-size:1.05rem;}\n}\n<\/style>\n","protected":false},"excerpt":{"rendered":"<p>Protocolos de actuaci\u00f3n y seguridad Consulta los protocolos: Plan de emergencia y evacuaci\u00f3n en la ENAC (agosto 2025) Consultar en [&hellip;]<\/p>\n","protected":false},"author":1,"featured_media":0,"parent":0,"menu_order":0,"comment_status":"closed","ping_status":"closed","template":"","meta":{"_uag_custom_page_level_css":"","site-sidebar-layout":"default","site-content-layout":"","ast-site-content-layout":"default","site-content-style":"default","site-sidebar-style":"default","ast-global-header-display":"","ast-banner-title-visibility":"","ast-main-header-display":"","ast-hfb-above-header-display":"","ast-hfb-below-header-display":"","ast-hfb-mobile-header-display":"","site-post-title":"disabled","ast-breadcrumbs-content":"","ast-featured-img":"","footer-sml-layout":"","ast-disable-related-posts":"","theme-transparent-header-meta":"","adv-header-id-meta":"","stick-header-meta":"","header-above-stick-meta":"","header-main-stick-meta":"","header-below-stick-meta":"","astra-migrate-meta-layouts":"set","ast-page-background-enabled":"default","ast-page-background-meta":{"desktop":{"background-color":"var(--ast-global-color-4)","background-image":"","background-repeat":"repeat","background-position":"center center","background-size":"auto","background-attachment":"scroll","background-type":"","background-media":"","overlay-type":"","overlay-color":"","overlay-opacity":"","overlay-gradient":""},"tablet":{"background-color":"","background-image":"","background-repeat":"repeat","background-position":"center center","background-size":"auto","background-attachment":"scroll","background-type":"","background-media":"","overlay-type":"","overlay-color":"","overlay-opacity":"","overlay-gradient":""},"mobile":{"background-color":"","background-image":"","background-repeat":"repeat","background-position":"center center","background-size":"auto","background-attachment":"scroll","background-type":"","background-media":"","overlay-type":"","overlay-color":"","overlay-opacity":"","overlay-gradient":""}},"ast-content-background-meta":{"desktop":{"background-color":"var(--ast-global-color-5)","background-image":"","background-repeat":"repeat","background-position":"center center","background-size":"auto","background-attachment":"scroll","background-type":"","background-media":"","overlay-type":"","overlay-color":"","overlay-opacity":"","overlay-gradient":""},"tablet":{"background-color":"var(--ast-global-color-5)","background-image":"","background-repeat":"repeat","background-position":"center center","background-size":"auto","background-attachment":"scroll","background-type":"","background-media":"","overlay-type":"","overlay-color":"","overlay-opacity":"","overlay-gradient":""},"mobile":{"background-color":"var(--ast-global-color-5)","background-image":"","background-repeat":"repeat","background-position":"center center","background-size":"auto","background-attachment":"scroll","background-type":"","background-media":"","overlay-type":"","overlay-color":"","overlay-opacity":"","overlay-gradient":""}},"footnotes":""},"class_list":["post-3251","page","type-page","status-publish","hentry"],"uagb_featured_image_src":{"full":false,"thumbnail":false,"medium":false,"medium_large":false,"large":false,"thumblist":false,"thumbrelated":false,"meccarouselthumb":false,"gridsquare":false,"tileview":false,"1536x1536":false,"2048x2048":false},"uagb_author_info":{"display_name":"pruebasenac","author_link":"https:\/\/www.enac.unam.mx\/wordpress\/author\/pruebasenac\/"},"uagb_comment_info":0,"uagb_excerpt":"Protocolos de actuaci\u00f3n y seguridad Consulta los protocolos: Plan de emergencia y evacuaci\u00f3n en la ENAC (agosto 2025) Consultar en [&hellip;]","_links":{"self":[{"href":"https:\/\/www.enac.unam.mx\/wordpress\/wp-json\/wp\/v2\/pages\/3251","targetHints":{"allow":["GET"]}}],"collection":[{"href":"https:\/\/www.enac.unam.mx\/wordpress\/wp-json\/wp\/v2\/pages"}],"about":[{"href":"https:\/\/www.enac.unam.mx\/wordpress\/wp-json\/wp\/v2\/types\/page"}],"author":[{"embeddable":true,"href":"https:\/\/www.enac.unam.mx\/wordpress\/wp-json\/wp\/v2\/users\/1"}],"replies":[{"embeddable":true,"href":"https:\/\/www.enac.unam.mx\/wordpress\/wp-json\/wp\/v2\/comments?post=3251"}],"version-history":[{"count":2,"href":"https:\/\/www.enac.unam.mx\/wordpress\/wp-json\/wp\/v2\/pages\/3251\/revisions"}],"predecessor-version":[{"id":3254,"href":"https:\/\/www.enac.unam.mx\/wordpress\/wp-json\/wp\/v2\/pages\/3251\/revisions\/3254"}],"wp:attachment":[{"href":"https:\/\/www.enac.unam.mx\/wordpress\/wp-json\/wp\/v2\/media?parent=3251"}],"curies":[{"name":"wp","href":"https:\/\/api.w.org\/{rel}","templated":true}]}}