{"id":888,"date":"2024-04-25T02:16:26","date_gmt":"2024-04-25T02:16:26","guid":{"rendered":"http:\/\/132.247.107.4\/wordpress\/?page_id=888"},"modified":"2026-02-26T19:30:02","modified_gmt":"2026-02-27T01:30:02","slug":"directorio","status":"publish","type":"page","link":"https:\/\/www.enac.unam.mx\/wordpress\/directorio\/","title":{"rendered":"Directorio"},"content":{"rendered":"\n<div class=\"wp-block-uagb-container uagb-block-4cb6607b alignfull uagb-is-root-container\"><div class=\"uagb-container-inner-blocks-wrap\">\n<div class=\"wp-block-uagb-advanced-heading uagb-block-c953f725\"><h1 class=\"uagb-heading-text\">Directorio<\/h1><\/div>\n<\/div><\/div>\n\n\n\n<div style=\"height:32px\" aria-hidden=\"true\" class=\"wp-block-spacer\"><\/div>\n\n\n\n<h4 class=\"wp-block-heading\"><strong>Conmutador:<\/strong> 55 5622 4800<\/h4>\n\n\n\n<hr class=\"wp-block-separator has-text-color has-ast-global-color-1-color has-alpha-channel-opacity has-ast-global-color-1-background-color has-background is-style-wide\"\/>\n\n\n\n<div class=\"wp-block-uagb-container uagb-block-b0fe79ce alignwide uagb-is-root-container\">\n<h3 class=\"wp-block-heading\">Direcci\u00f3n<\/h3>\n\n\n\n<p><strong>Lic. Mar\u00eda de los \u00c1ngeles Castro Gurr\u00eda<\/strong><br>Directora \u00b7 <a href=\"mailto:direccion@enac.unam.mx\">direccion@enac.unam.mx<\/a><\/p>\n\n\n\n<p><strong>ASISTENTE DE DIRECCI\u00d3N:<\/strong> Marina V\u00e1zquez Flores \u00b7 <a href=\"mailto:asistente.dir@enac.unam.mx\">asistente.dir@enac.unam.mx<\/a> \u00b7 Ext. 33801<br><strong>COORDINACI\u00d3N DE GESTI\u00d3N:<\/strong> Pl\u00e1cido P\u00e9rez Cu\u00e9 \u00b7 <a href=\"mailto:pperez@enac.unam.mx\">pperez@enac.unam.mx<\/a> \u00b7 Ext. 47142<br><strong>PLANEACI\u00d3N:<\/strong> Mtra. Paola Esquivel Cordero \u00b7 <a href=\"mailto:cplaneacion@enac.unam.mx\">cplaneacion@enac.unam.mx<\/a> \u00b7 Ext. 47135<br><strong>REDES SOCIALES:<\/strong> Lic. Monserrat Dom\u00ednguez Manzano \u00b7 <a href=\"mailto:cmenac@enac.unam.mx\">cmenac@enac.unam.mx<\/a> \u00b7 Ext. 47134<br><strong>UNIDAD JUR\u00cdDICA:<\/strong> Esp. Fernando Iv\u00e1n G\u00f3mez V\u00e1zquez \u00b7 <a href=\"mailto:f.gomez@enac.unam.mx\">f.gomez@enac.unam.mx<\/a> \u00b7 Ext. 47145<\/p>\n<\/div>\n\n\n\n<div class=\"wp-block-uagb-container uagb-block-a3f03b87 alignwide uagb-is-root-container\">\n<h3 class=\"wp-block-heading\">Secretar\u00eda General<\/h3>\n\n\n\n<p><strong>Mtro. Santiago Torres P\u00e9rez<\/strong><br>Secretario \u00b7 <a href=\"mailto:sg@enac.unam.mx\">sg@enac.unam.mx<\/a> \u00b7 Ext. 33804<\/p>\n\n\n\n<p><strong>SERVICIOS ESCOLARES:<\/strong> Olga Soto Frutis \u00b7 <a href=\"mailto:escolares@enac.unam.mx\">escolares@enac.unam.mx<\/a> \u00b7 Ext. 47148 \/ 33805<br><strong>PUBLICACIONES:<\/strong> Lic. Rodolfo Arturo Pel\u00e1ez Polo \u00b7 <a href=\"mailto:pelaez.editor@enac.unam.mx\">pelaez.editor@enac.unam.mx<\/a> \u00b7 Ext. 47176<br><strong>EDUCACI\u00d3N CONTINUA:<\/strong> Lic. Oralia Palos Castruita \u00b7 <a href=\"mailto:extension@enac.unam.mx\">extension@enac.unam.mx<\/a> \u00b7 Ext. 47143<br><strong>ASUNTOS DEL PERSONAL ACAD\u00c9MICO:<\/strong> Salvador Garc\u00eda C\u00e1rdenas \u00b7 <a href=\"mailto:academico.sg@enac.unam.mx\">academico.sg@enac.unam.mx<\/a> \u00b7 Ext. 47181<br><strong>BIBLIOTECA:<\/strong> Gregoria Bustamante \u00b7 <a href=\"mailto:biblio@enac.unam.mx\">biblio@enac.unam.mx<\/a> \u00b7 Ext. 47178<\/p>\n<\/div>\n\n\n\n<div class=\"wp-block-uagb-container uagb-block-66185321 alignwide uagb-is-root-container\">\n<h3 class=\"wp-block-heading\">Secretar\u00eda T\u00e9cnica<\/h3>\n\n\n\n<p><strong>Luis Casta\u00f1eda de la Garza<\/strong><br>Secretario \u00b7 <a href=\"mailto:sectec@enac.unam.mx\">sectec@enac.unam.mx<\/a> \u00b7 Ext. 33806<\/p>\n\n\n\n<p><strong>ACERVO F\u00cdLMICO:<\/strong> Mar\u00eda Teresa Carvajal Ju\u00e1rez \u00b7 <a href=\"mailto:acervo@enac.unam.mx\">acervo@enac.unam.mx<\/a> \u00b7 Ext. 47100<br><strong>C\u00d3MPUTO Y TECNOLOG\u00cdAS DE LA INFORMACI\u00d3N:<\/strong> Juan Manuel Serrano Vargas \u00b7 <a href=\"mailto:computo@enac.unam.mx\">computo@enac.unam.mx<\/a> \u00b7 Ext. 47167<\/p>\n<\/div>\n\n\n\n<div class=\"wp-block-uagb-container uagb-block-4717ad38 alignwide uagb-is-root-container\">\n<h3 class=\"wp-block-heading\">Secretar\u00eda Administrativa<\/h3>\n\n\n\n<p><strong>L.A. Liliana C\u00f3rdova Mart\u00ednez<\/strong><br>Secretaria \u00b7 <a href=\"mailto:sadministrativa@enac.unam.mx\">sadministrativa@enac.unam.mx<\/a> \u00b7 Ext. 33802<\/p>\n\n\n\n<p><strong>PERSONAL:<\/strong> Ver\u00f3nica Soto Hern\u00e1ndez \u00b7 <a href=\"mailto:personal@enac.unam.mx\">personal@enac.unam.mx<\/a> \u00b7 Ext. 47171<br><strong>PRESUPUESTO:<\/strong> Francis Yereny Gonz\u00e1lez Guti\u00e9rrez \u00b7 <a href=\"mailto:presupuesto@enac.unam.mx\">presupuesto@enac.unam.mx<\/a> \u00b7 Ext. 47173<br><strong>BIENES Y SUMINISTROS:<\/strong> Lic. Laura Favila Medel \u00b7 <a href=\"mailto:bienesysuministros@enac.unam.mx\">bienesysuministros@enac.unam.mx<\/a> \u00b7 Ext. 47174<br><strong>SUPERINTENDENCIA DE OBRA:<\/strong> Eduardo Jim\u00e9nez Ibarra \u00b7 <a href=\"mailto:serviciosgenerales@enac.unam.mx\">serviciosgenerales@enac.unam.mx<\/a> \u00b7 Ext. 47175<\/p>\n<\/div>\n\n\n\n<div class=\"wp-block-uagb-container uagb-block-5958f463 alignwide uagb-is-root-container\">\n<h3 class=\"wp-block-heading\">Coordinaci\u00f3n de la Producci\u00f3n F\u00edlmica Escolar<\/h3>\n\n\n\n<p><strong>Lic. Bertha Guadalupe Miranda Diosdado<\/strong><br><a href=\"mailto:coordinaciondeproduccion@enac.unam.mx\">coordinaciondeproduccion@enac.unam.mx<\/a> \u00b7 Ext. 47169<\/p>\n<\/div>\n\n\n\n<div class=\"wp-block-uagb-container uagb-block-285f0ed1 alignwide uagb-is-root-container\">\n<h3 class=\"wp-block-heading\">Promoci\u00f3n, Distribuci\u00f3n y Exhibici\u00f3n F\u00edlmica<\/h3>\n\n\n\n<p><strong>Mtro. Benjam\u00edn Romero Salinas<\/strong><br><a href=\"mailto:divulgacion@enac.unam.mx\">divulgacion@enac.unam.mx<\/a> \u00b7 Ext. 33809<\/p>\n\n\n\n<p><\/p>\n<\/div>\n","protected":false},"excerpt":{"rendered":"<p>Directorio Conmutador: 55 5622 4800 Direcci\u00f3n Lic. Mar\u00eda de los \u00c1ngeles Castro Gurr\u00edaDirectora \u00b7 direccion@enac.unam.mx ASISTENTE DE DIRECCI\u00d3N: Marina V\u00e1zquez [&hellip;]<\/p>\n","protected":false},"author":1,"featured_media":0,"parent":0,"menu_order":0,"comment_status":"closed","ping_status":"closed","template":"","meta":{"_uag_custom_page_level_css":"","site-sidebar-layout":"default","site-content-layout":"","ast-site-content-layout":"default","site-content-style":"default","site-sidebar-style":"default","ast-global-header-display":"","ast-banner-title-visibility":"","ast-main-header-display":"","ast-hfb-above-header-display":"","ast-hfb-below-header-display":"","ast-hfb-mobile-header-display":"","site-post-title":"disabled","ast-breadcrumbs-content":"","ast-featured-img":"","footer-sml-layout":"","ast-disable-related-posts":"","theme-transparent-header-meta":"","adv-header-id-meta":"","stick-header-meta":"","header-above-stick-meta":"","header-main-stick-meta":"","header-below-stick-meta":"","astra-migrate-meta-layouts":"set","ast-page-background-enabled":"default","ast-page-background-meta":{"desktop":{"background-color":"var(--ast-global-color-4)","background-image":"","background-repeat":"repeat","background-position":"center center","background-size":"auto","background-attachment":"scroll","background-type":"","background-media":"","overlay-type":"","overlay-color":"","overlay-opacity":"","overlay-gradient":""},"tablet":{"background-color":"","background-image":"","background-repeat":"repeat","background-position":"center center","background-size":"auto","background-attachment":"scroll","background-type":"","background-media":"","overlay-type":"","overlay-color":"","overlay-opacity":"","overlay-gradient":""},"mobile":{"background-color":"","background-image":"","background-repeat":"repeat","background-position":"center center","background-size":"auto","background-attachment":"scroll","background-type":"","background-media":"","overlay-type":"","overlay-color":"","overlay-opacity":"","overlay-gradient":""}},"ast-content-background-meta":{"desktop":{"background-color":"var(--ast-global-color-5)","background-image":"","background-repeat":"repeat","background-position":"center center","background-size":"auto","background-attachment":"scroll","background-type":"","background-media":"","overlay-type":"","overlay-color":"","overlay-opacity":"","overlay-gradient":""},"tablet":{"background-color":"var(--ast-global-color-5)","background-image":"","background-repeat":"repeat","background-position":"center center","background-size":"auto","background-attachment":"scroll","background-type":"","background-media":"","overlay-type":"","overlay-color":"","overlay-opacity":"","overlay-gradient":""},"mobile":{"background-color":"var(--ast-global-color-5)","background-image":"","background-repeat":"repeat","background-position":"center center","background-size":"auto","background-attachment":"scroll","background-type":"","background-media":"","overlay-type":"","overlay-color":"","overlay-opacity":"","overlay-gradient":""}},"footnotes":""},"class_list":["post-888","page","type-page","status-publish","hentry"],"uagb_featured_image_src":{"full":false,"thumbnail":false,"medium":false,"medium_large":false,"large":false,"thumblist":false,"thumbrelated":false,"meccarouselthumb":false,"gridsquare":false,"tileview":false,"1536x1536":false,"2048x2048":false},"uagb_author_info":{"display_name":"pruebasenac","author_link":"https:\/\/www.enac.unam.mx\/wordpress\/author\/pruebasenac\/"},"uagb_comment_info":0,"uagb_excerpt":"Directorio Conmutador: 55 5622 4800 Direcci\u00f3n Lic. Mar\u00eda de los \u00c1ngeles Castro Gurr\u00edaDirectora \u00b7 direccion@enac.unam.mx ASISTENTE DE DIRECCI\u00d3N: Marina V\u00e1zquez [&hellip;]","_links":{"self":[{"href":"https:\/\/www.enac.unam.mx\/wordpress\/wp-json\/wp\/v2\/pages\/888","targetHints":{"allow":["GET"]}}],"collection":[{"href":"https:\/\/www.enac.unam.mx\/wordpress\/wp-json\/wp\/v2\/pages"}],"about":[{"href":"https:\/\/www.enac.unam.mx\/wordpress\/wp-json\/wp\/v2\/types\/page"}],"author":[{"embeddable":true,"href":"https:\/\/www.enac.unam.mx\/wordpress\/wp-json\/wp\/v2\/users\/1"}],"replies":[{"embeddable":true,"href":"https:\/\/www.enac.unam.mx\/wordpress\/wp-json\/wp\/v2\/comments?post=888"}],"version-history":[{"count":61,"href":"https:\/\/www.enac.unam.mx\/wordpress\/wp-json\/wp\/v2\/pages\/888\/revisions"}],"predecessor-version":[{"id":3594,"href":"https:\/\/www.enac.unam.mx\/wordpress\/wp-json\/wp\/v2\/pages\/888\/revisions\/3594"}],"wp:attachment":[{"href":"https:\/\/www.enac.unam.mx\/wordpress\/wp-json\/wp\/v2\/media?parent=888"}],"curies":[{"name":"wp","href":"https:\/\/api.w.org\/{rel}","templated":true}]}}